{"id":59,"date":"2020-09-18T07:43:27","date_gmt":"2020-09-18T05:43:27","guid":{"rendered":"https:\/\/vergersdelozere.net\/?page_id=59"},"modified":"2022-11-12T11:35:16","modified_gmt":"2022-11-12T10:35:16","slug":"formation","status":"publish","type":"page","link":"https:\/\/vergersdelozere.net\/index.php\/formation\/","title":{"rendered":"ACTIONS"},"content":{"rendered":"\t\t<div data-elementor-type=\"wp-page\" data-elementor-id=\"59\" class=\"elementor elementor-59\" data-elementor-post-type=\"page\">\n\t\t\t\t\t\t<section class=\"elementor-section elementor-top-section elementor-element elementor-element-ed7c837 elementor-section-boxed elementor-section-height-default elementor-section-height-default\" data-id=\"ed7c837\" data-element_type=\"section\">\n\t\t\t\t\t\t<div class=\"elementor-container elementor-column-gap-default\">\n\t\t\t\t\t<div class=\"elementor-column elementor-col-100 elementor-top-column elementor-element elementor-element-7ead246\" data-id=\"7ead246\" data-element_type=\"column\">\n\t\t\t<div class=\"elementor-widget-wrap elementor-element-populated\">\n\t\t\t\t\t\t<section class=\"elementor-section elementor-inner-section elementor-element elementor-element-a717edd elementor-section-boxed elementor-section-height-default elementor-section-height-default\" data-id=\"a717edd\" data-element_type=\"section\">\n\t\t\t\t\t\t<div class=\"elementor-container elementor-column-gap-default\">\n\t\t\t\t\t<div class=\"elementor-column elementor-col-50 elementor-inner-column elementor-element elementor-element-59a1236\" data-id=\"59a1236\" data-element_type=\"column\">\n\t\t\t<div class=\"elementor-widget-wrap elementor-element-populated\">\n\t\t\t\t\t\t<div class=\"elementor-element elementor-element-f6895c0 elementor-widget elementor-widget-text-editor\" data-id=\"f6895c0\" data-element_type=\"widget\" data-widget_type=\"text-editor.default\">\n\t\t\t\t<div class=\"elementor-widget-container\">\n\t\t\t\t\t\t\t\t\t<ul>\n<li style=\"list-style-type: none;\">\n<ul>\n<li>Tenue de stands &nbsp;d&rsquo;information<\/li>\n<li>Stages de formation<\/li>\n<li>Ateliers de greffe, de taille<\/li>\n<li>Entretien des fruitiers<\/li>\n<li>Identification des vari\u00e9t\u00e9s<\/li>\n<li>Conf\u00e9rences, \u00e9missions de radio et TV&#8230;<\/li>\n<\/ul>\n<\/li>\n<\/ul>\t\t\t\t\t\t\t\t<\/div>\n\t\t\t\t<\/div>\n\t\t\t\t\t<\/div>\n\t\t<\/div>\n\t\t\t\t<div class=\"elementor-column elementor-col-50 elementor-inner-column elementor-element elementor-element-e2f6eb2\" data-id=\"e2f6eb2\" data-element_type=\"column\">\n\t\t\t<div class=\"elementor-widget-wrap elementor-element-populated\">\n\t\t\t\t\t\t<div class=\"elementor-element elementor-element-cb00db1 elementor-widget elementor-widget-image\" data-id=\"cb00db1\" data-element_type=\"widget\" data-widget_type=\"image.default\">\n\t\t\t\t<div class=\"elementor-widget-container\">\n\t\t\t\t\t\t\t\t\t\t\t\t\t\t\t<img fetchpriority=\"high\" decoding=\"async\" width=\"244\" height=\"300\" src=\"https:\/\/vergersdelozere.net\/wp-content\/uploads\/2020\/09\/VdL_StandJackyCecileYannick_RK-244x300.jpg\" class=\"attachment-medium size-medium wp-image-245\" alt=\"\" srcset=\"https:\/\/vergersdelozere.net\/wp-content\/uploads\/2020\/09\/VdL_StandJackyCecileYannick_RK-244x300.jpg 244w, https:\/\/vergersdelozere.net\/wp-content\/uploads\/2020\/09\/VdL_StandJackyCecileYannick_RK-768x946.jpg 768w, https:\/\/vergersdelozere.net\/wp-content\/uploads\/2020\/09\/VdL_StandJackyCecileYannick_RK.jpg 786w\" sizes=\"(max-width: 244px) 100vw, 244px\" \/>\t\t\t\t\t\t\t\t\t\t\t\t\t\t\t<\/div>\n\t\t\t\t<\/div>\n\t\t\t\t\t<\/div>\n\t\t<\/div>\n\t\t\t\t\t<\/div>\n\t\t<\/section>\n\t\t\t\t<div class=\"elementor-element elementor-element-dfc4305 elementor-widget elementor-widget-spacer\" data-id=\"dfc4305\" data-element_type=\"widget\" data-widget_type=\"spacer.default\">\n\t\t\t\t<div class=\"elementor-widget-container\">\n\t\t\t\t\t\t\t<div class=\"elementor-spacer\">\n\t\t\t<div class=\"elementor-spacer-inner\"><\/div>\n\t\t<\/div>\n\t\t\t\t\t\t<\/div>\n\t\t\t\t<\/div>\n\t\t\t\t<div class=\"elementor-element elementor-element-b66dbdb elementor-widget elementor-widget-gallery\" data-id=\"b66dbdb\" data-element_type=\"widget\" data-settings=\"{&quot;gallery_layout&quot;:&quot;justified&quot;,&quot;lazyload&quot;:&quot;yes&quot;,&quot;ideal_row_height&quot;:{&quot;unit&quot;:&quot;px&quot;,&quot;size&quot;:200,&quot;sizes&quot;:[]},&quot;ideal_row_height_tablet&quot;:{&quot;unit&quot;:&quot;px&quot;,&quot;size&quot;:150,&quot;sizes&quot;:[]},&quot;ideal_row_height_mobile&quot;:{&quot;unit&quot;:&quot;px&quot;,&quot;size&quot;:150,&quot;sizes&quot;:[]},&quot;gap&quot;:{&quot;unit&quot;:&quot;px&quot;,&quot;size&quot;:10,&quot;sizes&quot;:[]},&quot;gap_tablet&quot;:{&quot;unit&quot;:&quot;px&quot;,&quot;size&quot;:10,&quot;sizes&quot;:[]},&quot;gap_mobile&quot;:{&quot;unit&quot;:&quot;px&quot;,&quot;size&quot;:10,&quot;sizes&quot;:[]},&quot;link_to&quot;:&quot;file&quot;,&quot;overlay_background&quot;:&quot;yes&quot;,&quot;content_hover_animation&quot;:&quot;fade-in&quot;}\" data-widget_type=\"gallery.default\">\n\t\t\t\t<div class=\"elementor-widget-container\">\n\t\t\t\t\t\t\t<div class=\"elementor-gallery__container\">\n\t\t\t\t\t\t\t<a class=\"e-gallery-item elementor-gallery-item elementor-animated-content\" href=\"https:\/\/vergersdelozere.net\/wp-content\/uploads\/2020\/11\/VdL_20170326_GreffeSurTableMende_Jacky_-b.jpg\" data-elementor-open-lightbox=\"yes\" data-elementor-lightbox-slideshow=\"b66dbdb\" data-elementor-lightbox-title=\"VdL_20170326_GreffeSurTableMende_Jacky_ b\" data-e-action-hash=\"#elementor-action%3Aaction%3Dlightbox%26settings%3DeyJpZCI6MTk3MiwidXJsIjoiaHR0cHM6XC9cL3ZlcmdlcnNkZWxvemVyZS5uZXRcL3dwLWNvbnRlbnRcL3VwbG9hZHNcLzIwMjBcLzExXC9WZExfMjAxNzAzMjZfR3JlZmZlU3VyVGFibGVNZW5kZV9KYWNreV8tYi5qcGciLCJzbGlkZXNob3ciOiJiNjZkYmRiIn0%3D\">\n\t\t\t\t\t<div class=\"e-gallery-image elementor-gallery-item__image\" data-thumbnail=\"https:\/\/vergersdelozere.net\/wp-content\/uploads\/2020\/11\/VdL_20170326_GreffeSurTableMende_Jacky_-b-768x512.jpg\" data-width=\"768\" data-height=\"512\" aria-label=\"\" role=\"img\" ><\/div>\n\t\t\t\t\t\t\t\t\t\t\t<div class=\"elementor-gallery-item__overlay\"><\/div>\n\t\t\t\t\t\t\t\t\t\t\t\t\t\t<\/a>\n\t\t\t\t\t\t\t<a class=\"e-gallery-item elementor-gallery-item elementor-animated-content\" href=\"https:\/\/vergersdelozere.net\/wp-content\/uploads\/2020\/10\/VdL_20191027_145310-1.jpg\" data-elementor-open-lightbox=\"yes\" data-elementor-lightbox-slideshow=\"b66dbdb\" data-elementor-lightbox-title=\"VdL_20191027_145310-1\" data-e-action-hash=\"#elementor-action%3Aaction%3Dlightbox%26settings%3DeyJpZCI6NjE4LCJ1cmwiOiJodHRwczpcL1wvdmVyZ2Vyc2RlbG96ZXJlLm5ldFwvd3AtY29udGVudFwvdXBsb2Fkc1wvMjAyMFwvMTBcL1ZkTF8yMDE5MTAyN18xNDUzMTAtMS5qcGciLCJzbGlkZXNob3ciOiJiNjZkYmRiIn0%3D\">\n\t\t\t\t\t<div class=\"e-gallery-image elementor-gallery-item__image\" data-thumbnail=\"https:\/\/vergersdelozere.net\/wp-content\/uploads\/2020\/10\/VdL_20191027_145310-1-768x497.jpg\" data-width=\"768\" data-height=\"497\" aria-label=\"\" role=\"img\" ><\/div>\n\t\t\t\t\t\t\t\t\t\t\t<div class=\"elementor-gallery-item__overlay\"><\/div>\n\t\t\t\t\t\t\t\t\t\t\t\t\t\t<\/a>\n\t\t\t\t\t\t\t<a class=\"e-gallery-item elementor-gallery-item elementor-animated-content\" href=\"https:\/\/vergersdelozere.net\/wp-content\/uploads\/2020\/11\/VdL_20170326_GreffeSurTableMende_Jean-PierreJacky_-2b.jpg\" data-elementor-open-lightbox=\"yes\" data-elementor-lightbox-slideshow=\"b66dbdb\" data-elementor-lightbox-title=\"VdL_20170326_GreffeSurTableMende_Jean-Pierre&amp;Jacky_ 2b\" data-e-action-hash=\"#elementor-action%3Aaction%3Dlightbox%26settings%3DeyJpZCI6MTk3NCwidXJsIjoiaHR0cHM6XC9cL3ZlcmdlcnNkZWxvemVyZS5uZXRcL3dwLWNvbnRlbnRcL3VwbG9hZHNcLzIwMjBcLzExXC9WZExfMjAxNzAzMjZfR3JlZmZlU3VyVGFibGVNZW5kZV9KZWFuLVBpZXJyZUphY2t5Xy0yYi5qcGciLCJzbGlkZXNob3ciOiJiNjZkYmRiIn0%3D\">\n\t\t\t\t\t<div class=\"e-gallery-image elementor-gallery-item__image\" data-thumbnail=\"https:\/\/vergersdelozere.net\/wp-content\/uploads\/2020\/11\/VdL_20170326_GreffeSurTableMende_Jean-PierreJacky_-2b-768x512.jpg\" data-width=\"768\" data-height=\"512\" aria-label=\"\" role=\"img\" ><\/div>\n\t\t\t\t\t\t\t\t\t\t\t<div class=\"elementor-gallery-item__overlay\"><\/div>\n\t\t\t\t\t\t\t\t\t\t\t\t\t\t<\/a>\n\t\t\t\t\t\t\t<a class=\"e-gallery-item elementor-gallery-item elementor-animated-content\" href=\"https:\/\/vergersdelozere.net\/wp-content\/uploads\/2020\/09\/VdL_StandJackyCecileYannick_RK.jpg\" data-elementor-open-lightbox=\"yes\" data-elementor-lightbox-slideshow=\"b66dbdb\" data-elementor-lightbox-title=\"VdL_StandJackyC\u00e9cileYannick_RK\" data-e-action-hash=\"#elementor-action%3Aaction%3Dlightbox%26settings%3DeyJpZCI6MjQ1LCJ1cmwiOiJodHRwczpcL1wvdmVyZ2Vyc2RlbG96ZXJlLm5ldFwvd3AtY29udGVudFwvdXBsb2Fkc1wvMjAyMFwvMDlcL1ZkTF9TdGFuZEphY2t5Q2VjaWxlWWFubmlja19SSy5qcGciLCJzbGlkZXNob3ciOiJiNjZkYmRiIn0%3D\">\n\t\t\t\t\t<div class=\"e-gallery-image elementor-gallery-item__image\" data-thumbnail=\"https:\/\/vergersdelozere.net\/wp-content\/uploads\/2020\/09\/VdL_StandJackyCecileYannick_RK-768x946.jpg\" data-width=\"768\" data-height=\"946\" aria-label=\"\" role=\"img\" ><\/div>\n\t\t\t\t\t\t\t\t\t\t\t<div class=\"elementor-gallery-item__overlay\"><\/div>\n\t\t\t\t\t\t\t\t\t\t\t\t\t\t<\/a>\n\t\t\t\t\t\t\t<a class=\"e-gallery-item elementor-gallery-item elementor-animated-content\" href=\"https:\/\/vergersdelozere.net\/wp-content\/uploads\/2020\/11\/VdL_Stand_AlexCecileAlbertSabine_ML.jpg\" data-elementor-open-lightbox=\"yes\" data-elementor-lightbox-slideshow=\"b66dbdb\" data-elementor-lightbox-title=\"VdL_Stand_AlexC\u00e9cileAlbertSabine_ML\" data-e-action-hash=\"#elementor-action%3Aaction%3Dlightbox%26settings%3DeyJpZCI6MTU2MSwidXJsIjoiaHR0cHM6XC9cL3ZlcmdlcnNkZWxvemVyZS5uZXRcL3dwLWNvbnRlbnRcL3VwbG9hZHNcLzIwMjBcLzExXC9WZExfU3RhbmRfQWxleENlY2lsZUFsYmVydFNhYmluZV9NTC5qcGciLCJzbGlkZXNob3ciOiJiNjZkYmRiIn0%3D\">\n\t\t\t\t\t<div class=\"e-gallery-image elementor-gallery-item__image\" data-thumbnail=\"https:\/\/vergersdelozere.net\/wp-content\/uploads\/2020\/11\/VdL_Stand_AlexCecileAlbertSabine_ML-768x576.jpg\" data-width=\"768\" data-height=\"576\" aria-label=\"\" role=\"img\" ><\/div>\n\t\t\t\t\t\t\t\t\t\t\t<div class=\"elementor-gallery-item__overlay\"><\/div>\n\t\t\t\t\t\t\t\t\t\t\t\t\t\t<\/a>\n\t\t\t\t\t\t\t<a class=\"e-gallery-item elementor-gallery-item elementor-animated-content\" href=\"https:\/\/vergersdelozere.net\/wp-content\/uploads\/2020\/12\/VdL_20180324_Atelier_Greffe_Sauvage_Albert_Demo_1100x618-72.jpg\" data-elementor-open-lightbox=\"yes\" data-elementor-lightbox-slideshow=\"b66dbdb\" data-elementor-lightbox-title=\"VdL_20180324_Atelier_Greffe_Sauvage_Albert_D\u00e9mo_1100x618-72\" data-e-action-hash=\"#elementor-action%3Aaction%3Dlightbox%26settings%3DeyJpZCI6MjMxOCwidXJsIjoiaHR0cHM6XC9cL3ZlcmdlcnNkZWxvemVyZS5uZXRcL3dwLWNvbnRlbnRcL3VwbG9hZHNcLzIwMjBcLzEyXC9WZExfMjAxODAzMjRfQXRlbGllcl9HcmVmZmVfU2F1dmFnZV9BbGJlcnRfRGVtb18xMTAweDYxOC03Mi5qcGciLCJzbGlkZXNob3ciOiJiNjZkYmRiIn0%3D\">\n\t\t\t\t\t<div class=\"e-gallery-image elementor-gallery-item__image\" data-thumbnail=\"https:\/\/vergersdelozere.net\/wp-content\/uploads\/2020\/12\/VdL_20180324_Atelier_Greffe_Sauvage_Albert_Demo_1100x618-72-768x431.jpg\" data-width=\"768\" data-height=\"431\" aria-label=\"\" role=\"img\" ><\/div>\n\t\t\t\t\t\t\t\t\t\t\t<div class=\"elementor-gallery-item__overlay\"><\/div>\n\t\t\t\t\t\t\t\t\t\t\t\t\t\t<\/a>\n\t\t\t\t\t\t\t<a class=\"e-gallery-item elementor-gallery-item elementor-animated-content\" href=\"https:\/\/vergersdelozere.net\/wp-content\/uploads\/2020\/09\/700-cecile-jacky-bartas-img-3370_orig_RK.jpg\" data-elementor-open-lightbox=\"yes\" data-elementor-lightbox-slideshow=\"b66dbdb\" data-elementor-lightbox-title=\"700-cecile-jacky-bartas-img-3370_orig_RK\" data-e-action-hash=\"#elementor-action%3Aaction%3Dlightbox%26settings%3DeyJpZCI6MzU2LCJ1cmwiOiJodHRwczpcL1wvdmVyZ2Vyc2RlbG96ZXJlLm5ldFwvd3AtY29udGVudFwvdXBsb2Fkc1wvMjAyMFwvMDlcLzcwMC1jZWNpbGUtamFja3ktYmFydGFzLWltZy0zMzcwX29yaWdfUksuanBnIiwic2xpZGVzaG93IjoiYjY2ZGJkYiJ9\">\n\t\t\t\t\t<div class=\"e-gallery-image elementor-gallery-item__image\" data-thumbnail=\"https:\/\/vergersdelozere.net\/wp-content\/uploads\/2020\/09\/700-cecile-jacky-bartas-img-3370_orig_RK.jpg\" data-width=\"634\" data-height=\"358\" aria-label=\"\" role=\"img\" ><\/div>\n\t\t\t\t\t\t\t\t\t\t\t<div class=\"elementor-gallery-item__overlay\"><\/div>\n\t\t\t\t\t\t\t\t\t\t\t\t\t\t<\/a>\n\t\t\t\t\t\t\t<a class=\"e-gallery-item elementor-gallery-item elementor-animated-content\" href=\"https:\/\/vergersdelozere.net\/wp-content\/uploads\/2020\/09\/VdL_Stand_-CNP_PhotoYannick.jpg\" data-elementor-open-lightbox=\"yes\" data-elementor-lightbox-slideshow=\"b66dbdb\" data-elementor-lightbox-title=\"VdL_Stand_ CNP_PhotoYannick\" data-e-action-hash=\"#elementor-action%3Aaction%3Dlightbox%26settings%3DeyJpZCI6MzkyLCJ1cmwiOiJodHRwczpcL1wvdmVyZ2Vyc2RlbG96ZXJlLm5ldFwvd3AtY29udGVudFwvdXBsb2Fkc1wvMjAyMFwvMDlcL1ZkTF9TdGFuZF8tQ05QX1Bob3RvWWFubmljay5qcGciLCJzbGlkZXNob3ciOiJiNjZkYmRiIn0%3D\">\n\t\t\t\t\t<div class=\"e-gallery-image elementor-gallery-item__image\" data-thumbnail=\"https:\/\/vergersdelozere.net\/wp-content\/uploads\/2020\/09\/VdL_Stand_-CNP_PhotoYannick-768x576.jpg\" data-width=\"768\" data-height=\"576\" aria-label=\"\" role=\"img\" ><\/div>\n\t\t\t\t\t\t\t\t\t\t\t<div class=\"elementor-gallery-item__overlay\"><\/div>\n\t\t\t\t\t\t\t\t\t\t\t\t\t\t<\/a>\n\t\t\t\t\t<\/div>\n\t\t\t\t\t<\/div>\n\t\t\t\t<\/div>\n\t\t\t\t<div class=\"elementor-element elementor-element-ca7d54e elementor-widget elementor-widget-spacer\" data-id=\"ca7d54e\" data-element_type=\"widget\" data-widget_type=\"spacer.default\">\n\t\t\t\t<div class=\"elementor-widget-container\">\n\t\t\t\t\t\t\t<div class=\"elementor-spacer\">\n\t\t\t<div class=\"elementor-spacer-inner\"><\/div>\n\t\t<\/div>\n\t\t\t\t\t\t<\/div>\n\t\t\t\t<\/div>\n\t\t\t\t<div class=\"elementor-element elementor-element-34fb880 elementor-widget elementor-widget-image\" data-id=\"34fb880\" data-element_type=\"widget\" data-widget_type=\"image.default\">\n\t\t\t\t<div class=\"elementor-widget-container\">\n\t\t\t\t\t\t\t\t\t\t\t\t<figure class=\"wp-caption\">\n\t\t\t\t\t\t\t\t\t\t<img decoding=\"async\" width=\"768\" height=\"497\" src=\"https:\/\/vergersdelozere.net\/wp-content\/uploads\/2020\/10\/VdL_20191027_145310-1-768x497.jpg\" class=\"attachment-medium_large size-medium_large wp-image-618\" alt=\"\" srcset=\"https:\/\/vergersdelozere.net\/wp-content\/uploads\/2020\/10\/VdL_20191027_145310-1-768x497.jpg 768w, https:\/\/vergersdelozere.net\/wp-content\/uploads\/2020\/10\/VdL_20191027_145310-1-300x194.jpg 300w, https:\/\/vergersdelozere.net\/wp-content\/uploads\/2020\/10\/VdL_20191027_145310-1.jpg 1024w\" sizes=\"(max-width: 768px) 100vw, 768px\" \/>\t\t\t\t\t\t\t\t\t\t\t<figcaption class=\"widget-image-caption wp-caption-text\">Des formations in situ ...<\/figcaption>\n\t\t\t\t\t\t\t\t\t\t<\/figure>\n\t\t\t\t\t\t\t\t\t<\/div>\n\t\t\t\t<\/div>\n\t\t\t\t<div class=\"elementor-element elementor-element-afb8981 elementor-widget elementor-widget-spacer\" data-id=\"afb8981\" data-element_type=\"widget\" data-widget_type=\"spacer.default\">\n\t\t\t\t<div class=\"elementor-widget-container\">\n\t\t\t\t\t\t\t<div class=\"elementor-spacer\">\n\t\t\t<div class=\"elementor-spacer-inner\"><\/div>\n\t\t<\/div>\n\t\t\t\t\t\t<\/div>\n\t\t\t\t<\/div>\n\t\t\t\t<div class=\"elementor-element elementor-element-41fbe0c elementor-widget elementor-widget-image\" data-id=\"41fbe0c\" data-element_type=\"widget\" data-widget_type=\"image.default\">\n\t\t\t\t<div class=\"elementor-widget-container\">\n\t\t\t\t\t\t\t\t\t\t\t\t<figure class=\"wp-caption\">\n\t\t\t\t\t\t\t\t\t\t<img decoding=\"async\" width=\"768\" height=\"512\" src=\"https:\/\/vergersdelozere.net\/wp-content\/uploads\/2020\/09\/20170306_Atelier_GreffeTable_Mende_Jacky-768x512.jpg\" class=\"attachment-medium_large size-medium_large wp-image-214\" alt=\"\" srcset=\"https:\/\/vergersdelozere.net\/wp-content\/uploads\/2020\/09\/20170306_Atelier_GreffeTable_Mende_Jacky-768x512.jpg 768w, https:\/\/vergersdelozere.net\/wp-content\/uploads\/2020\/09\/20170306_Atelier_GreffeTable_Mende_Jacky-300x200.jpg 300w, https:\/\/vergersdelozere.net\/wp-content\/uploads\/2020\/09\/20170306_Atelier_GreffeTable_Mende_Jacky-1024x682.jpg 1024w, https:\/\/vergersdelozere.net\/wp-content\/uploads\/2020\/09\/20170306_Atelier_GreffeTable_Mende_Jacky.jpg 1276w\" sizes=\"(max-width: 768px) 100vw, 768px\" \/>\t\t\t\t\t\t\t\t\t\t\t<figcaption class=\"widget-image-caption wp-caption-text\">Jacky explique la greffe sur table<\/figcaption>\n\t\t\t\t\t\t\t\t\t\t<\/figure>\n\t\t\t\t\t\t\t\t\t<\/div>\n\t\t\t\t<\/div>\n\t\t\t\t<div class=\"elementor-element elementor-element-58ed27d elementor-widget elementor-widget-spacer\" data-id=\"58ed27d\" data-element_type=\"widget\" data-widget_type=\"spacer.default\">\n\t\t\t\t<div class=\"elementor-widget-container\">\n\t\t\t\t\t\t\t<div class=\"elementor-spacer\">\n\t\t\t<div class=\"elementor-spacer-inner\"><\/div>\n\t\t<\/div>\n\t\t\t\t\t\t<\/div>\n\t\t\t\t<\/div>\n\t\t\t\t<div class=\"elementor-element elementor-element-7d4a2ca elementor-widget elementor-widget-image\" data-id=\"7d4a2ca\" data-element_type=\"widget\" data-widget_type=\"image.default\">\n\t\t\t\t<div class=\"elementor-widget-container\">\n\t\t\t\t\t\t\t\t\t\t\t\t<figure class=\"wp-caption\">\n\t\t\t\t\t\t\t\t\t\t<img loading=\"lazy\" decoding=\"async\" width=\"634\" height=\"358\" src=\"https:\/\/vergersdelozere.net\/wp-content\/uploads\/2020\/09\/700-cecile-jacky-bartas-img-3370_orig_RK.jpg\" class=\"attachment-full size-full wp-image-356\" alt=\"\" srcset=\"https:\/\/vergersdelozere.net\/wp-content\/uploads\/2020\/09\/700-cecile-jacky-bartas-img-3370_orig_RK.jpg 634w, https:\/\/vergersdelozere.net\/wp-content\/uploads\/2020\/09\/700-cecile-jacky-bartas-img-3370_orig_RK-300x169.jpg 300w\" sizes=\"(max-width: 634px) 100vw, 634px\" \/>\t\t\t\t\t\t\t\t\t\t\t<figcaption class=\"widget-image-caption wp-caption-text\">C\u00e9cile et Jacky sur Radio Bartas<\/figcaption>\n\t\t\t\t\t\t\t\t\t\t<\/figure>\n\t\t\t\t\t\t\t\t\t<\/div>\n\t\t\t\t<\/div>\n\t\t\t\t<div class=\"elementor-element elementor-element-ae86fe3 elementor-widget elementor-widget-spacer\" data-id=\"ae86fe3\" data-element_type=\"widget\" data-widget_type=\"spacer.default\">\n\t\t\t\t<div class=\"elementor-widget-container\">\n\t\t\t\t\t\t\t<div class=\"elementor-spacer\">\n\t\t\t<div class=\"elementor-spacer-inner\"><\/div>\n\t\t<\/div>\n\t\t\t\t\t\t<\/div>\n\t\t\t\t<\/div>\n\t\t\t\t<div class=\"elementor-element elementor-element-5f608ef elementor-widget elementor-widget-image\" data-id=\"5f608ef\" data-element_type=\"widget\" data-widget_type=\"image.default\">\n\t\t\t\t<div class=\"elementor-widget-container\">\n\t\t\t\t\t\t\t\t\t\t\t\t\t\t\t<img loading=\"lazy\" decoding=\"async\" width=\"768\" height=\"576\" src=\"https:\/\/vergersdelozere.net\/wp-content\/uploads\/2020\/09\/VdL_Stand_-CNP_PhotoYannick-768x576.jpg\" class=\"attachment-medium_large size-medium_large wp-image-392\" alt=\"\" srcset=\"https:\/\/vergersdelozere.net\/wp-content\/uploads\/2020\/09\/VdL_Stand_-CNP_PhotoYannick-768x576.jpg 768w, https:\/\/vergersdelozere.net\/wp-content\/uploads\/2020\/09\/VdL_Stand_-CNP_PhotoYannick-300x225.jpg 300w, https:\/\/vergersdelozere.net\/wp-content\/uploads\/2020\/09\/VdL_Stand_-CNP_PhotoYannick-1024x768.jpg 1024w, https:\/\/vergersdelozere.net\/wp-content\/uploads\/2020\/09\/VdL_Stand_-CNP_PhotoYannick-1536x1152.jpg 1536w, https:\/\/vergersdelozere.net\/wp-content\/uploads\/2020\/09\/VdL_Stand_-CNP_PhotoYannick-2048x1536.jpg 2048w\" sizes=\"(max-width: 768px) 100vw, 768px\" \/>\t\t\t\t\t\t\t\t\t\t\t\t\t\t\t<\/div>\n\t\t\t\t<\/div>\n\t\t\t\t<div class=\"elementor-element elementor-element-d42be91 elementor-widget elementor-widget-spacer\" data-id=\"d42be91\" data-element_type=\"widget\" data-widget_type=\"spacer.default\">\n\t\t\t\t<div class=\"elementor-widget-container\">\n\t\t\t\t\t\t\t<div class=\"elementor-spacer\">\n\t\t\t<div class=\"elementor-spacer-inner\"><\/div>\n\t\t<\/div>\n\t\t\t\t\t\t<\/div>\n\t\t\t\t<\/div>\n\t\t\t\t<div class=\"elementor-element elementor-element-abeb945 elementor-widget elementor-widget-image\" data-id=\"abeb945\" data-element_type=\"widget\" data-widget_type=\"image.default\">\n\t\t\t\t<div class=\"elementor-widget-container\">\n\t\t\t\t\t\t\t\t\t\t\t\t\t\t\t<img loading=\"lazy\" decoding=\"async\" width=\"768\" height=\"576\" src=\"https:\/\/vergersdelozere.net\/wp-content\/uploads\/2020\/11\/VdL_20160000_Atelier_taille_Pt_de_Montvert_2016_4615_1100x825-72-768x576.jpg\" class=\"attachment-medium_large size-medium_large wp-image-1896\" alt=\"\" srcset=\"https:\/\/vergersdelozere.net\/wp-content\/uploads\/2020\/11\/VdL_20160000_Atelier_taille_Pt_de_Montvert_2016_4615_1100x825-72-768x576.jpg 768w, https:\/\/vergersdelozere.net\/wp-content\/uploads\/2020\/11\/VdL_20160000_Atelier_taille_Pt_de_Montvert_2016_4615_1100x825-72-300x225.jpg 300w, https:\/\/vergersdelozere.net\/wp-content\/uploads\/2020\/11\/VdL_20160000_Atelier_taille_Pt_de_Montvert_2016_4615_1100x825-72-1024x768.jpg 1024w, https:\/\/vergersdelozere.net\/wp-content\/uploads\/2020\/11\/VdL_20160000_Atelier_taille_Pt_de_Montvert_2016_4615_1100x825-72.jpg 1100w\" sizes=\"(max-width: 768px) 100vw, 768px\" \/>\t\t\t\t\t\t\t\t\t\t\t\t\t\t\t<\/div>\n\t\t\t\t<\/div>\n\t\t\t\t<div class=\"elementor-element elementor-element-123d8ba elementor-widget-divider--view-line elementor-widget elementor-widget-divider\" data-id=\"123d8ba\" data-element_type=\"widget\" data-widget_type=\"divider.default\">\n\t\t\t\t<div class=\"elementor-widget-container\">\n\t\t\t\t\t\t\t<div class=\"elementor-divider\">\n\t\t\t<span class=\"elementor-divider-separator\">\n\t\t\t\t\t\t<\/span>\n\t\t<\/div>\n\t\t\t\t\t\t<\/div>\n\t\t\t\t<\/div>\n\t\t\t\t<div class=\"elementor-element elementor-element-e30623e elementor-widget elementor-widget-text-editor\" data-id=\"e30623e\" data-element_type=\"widget\" data-widget_type=\"text-editor.default\">\n\t\t\t\t<div class=\"elementor-widget-container\">\n\t\t\t\t\t\t\t\t\t<p style=\"text-align: center;\">Vergers de Loz\u00e8re pr\u00f4ne des pratiques respectueuses de l\u2019environnement et de la biodiversit\u00e9.<\/p>\t\t\t\t\t\t\t\t<\/div>\n\t\t\t\t<\/div>\n\t\t\t\t\t<\/div>\n\t\t<\/div>\n\t\t\t\t\t<\/div>\n\t\t<\/section>\n\t\t\t\t<\/div>\n\t\t","protected":false},"excerpt":{"rendered":"<p>Tenue de stands &nbsp;d&rsquo;information Stages de formation Ateliers de greffe, de taille Entretien des fruitiers Identification des vari\u00e9t\u00e9s Conf\u00e9rences, \u00e9missions de radio et TV&#8230; Des formations in situ &#8230; Jacky explique la greffe sur table C\u00e9cile et Jacky sur Radio Bartas Vergers de Loz\u00e8re pr\u00f4ne des pratiques respectueuses de l\u2019environnement et de la biodiversit\u00e9.<\/p>\n","protected":false},"author":1,"featured_media":0,"parent":0,"menu_order":0,"comment_status":"closed","ping_status":"closed","template":"elementor_header_footer","meta":{"_acf_changed":false,"ocean_post_layout":"","ocean_both_sidebars_style":"","ocean_both_sidebars_content_width":0,"ocean_both_sidebars_sidebars_width":0,"ocean_sidebar":"","ocean_second_sidebar":"","ocean_disable_margins":"enable","ocean_add_body_class":"","ocean_shortcode_before_top_bar":"","ocean_shortcode_after_top_bar":"","ocean_shortcode_before_header":"","ocean_shortcode_after_header":"","ocean_has_shortcode":"","ocean_shortcode_after_title":"","ocean_shortcode_before_footer_widgets":"","ocean_shortcode_after_footer_widgets":"","ocean_shortcode_before_footer_bottom":"","ocean_shortcode_after_footer_bottom":"","ocean_display_top_bar":"default","ocean_display_header":"default","ocean_header_style":"","ocean_center_header_left_menu":"","ocean_custom_header_template":"","ocean_custom_logo":0,"ocean_custom_retina_logo":0,"ocean_custom_logo_max_width":0,"ocean_custom_logo_tablet_max_width":0,"ocean_custom_logo_mobile_max_width":0,"ocean_custom_logo_max_height":0,"ocean_custom_logo_tablet_max_height":0,"ocean_custom_logo_mobile_max_height":0,"ocean_header_custom_menu":"","ocean_menu_typo_font_family":"","ocean_menu_typo_font_subset":"","ocean_menu_typo_font_size":0,"ocean_menu_typo_font_size_tablet":0,"ocean_menu_typo_font_size_mobile":0,"ocean_menu_typo_font_size_unit":"px","ocean_menu_typo_font_weight":"","ocean_menu_typo_font_weight_tablet":"","ocean_menu_typo_font_weight_mobile":"","ocean_menu_typo_transform":"","ocean_menu_typo_transform_tablet":"","ocean_menu_typo_transform_mobile":"","ocean_menu_typo_line_height":0,"ocean_menu_typo_line_height_tablet":0,"ocean_menu_typo_line_height_mobile":0,"ocean_menu_typo_line_height_unit":"","ocean_menu_typo_spacing":0,"ocean_menu_typo_spacing_tablet":0,"ocean_menu_typo_spacing_mobile":0,"ocean_menu_typo_spacing_unit":"","ocean_menu_link_color":"","ocean_menu_link_color_hover":"","ocean_menu_link_color_active":"","ocean_menu_link_background":"","ocean_menu_link_hover_background":"","ocean_menu_link_active_background":"","ocean_menu_social_links_bg":"","ocean_menu_social_hover_links_bg":"","ocean_menu_social_links_color":"","ocean_menu_social_hover_links_color":"","ocean_disable_title":"default","ocean_disable_heading":"default","ocean_post_title":"","ocean_post_subheading":"","ocean_post_title_style":"","ocean_post_title_background_color":"","ocean_post_title_background":0,"ocean_post_title_bg_image_position":"","ocean_post_title_bg_image_attachment":"","ocean_post_title_bg_image_repeat":"","ocean_post_title_bg_image_size":"","ocean_post_title_height":0,"ocean_post_title_bg_overlay":0.5,"ocean_post_title_bg_overlay_color":"","ocean_disable_breadcrumbs":"default","ocean_breadcrumbs_color":"","ocean_breadcrumbs_separator_color":"","ocean_breadcrumbs_links_color":"","ocean_breadcrumbs_links_hover_color":"","ocean_display_footer_widgets":"default","ocean_display_footer_bottom":"default","ocean_custom_footer_template":"","footnotes":""},"class_list":["post-59","page","type-page","status-publish","hentry","entry"],"acf":[],"_links":{"self":[{"href":"https:\/\/vergersdelozere.net\/index.php\/wp-json\/wp\/v2\/pages\/59"}],"collection":[{"href":"https:\/\/vergersdelozere.net\/index.php\/wp-json\/wp\/v2\/pages"}],"about":[{"href":"https:\/\/vergersdelozere.net\/index.php\/wp-json\/wp\/v2\/types\/page"}],"author":[{"embeddable":true,"href":"https:\/\/vergersdelozere.net\/index.php\/wp-json\/wp\/v2\/users\/1"}],"replies":[{"embeddable":true,"href":"https:\/\/vergersdelozere.net\/index.php\/wp-json\/wp\/v2\/comments?post=59"}],"version-history":[{"count":140,"href":"https:\/\/vergersdelozere.net\/index.php\/wp-json\/wp\/v2\/pages\/59\/revisions"}],"predecessor-version":[{"id":5384,"href":"https:\/\/vergersdelozere.net\/index.php\/wp-json\/wp\/v2\/pages\/59\/revisions\/5384"}],"wp:attachment":[{"href":"https:\/\/vergersdelozere.net\/index.php\/wp-json\/wp\/v2\/media?parent=59"}],"curies":[{"name":"wp","href":"https:\/\/api.w.org\/{rel}","templated":true}]}}