{"id":387,"date":"2020-10-24T08:59:44","date_gmt":"2020-10-24T06:59:44","guid":{"rendered":"https:\/\/vergersdelozere.net\/?page_id=387"},"modified":"2020-11-14T11:05:58","modified_gmt":"2020-11-14T10:05:58","slug":"portrait-jacky-brard","status":"publish","type":"page","link":"https:\/\/vergersdelozere.net\/index.php\/portrait-jacky-brard\/","title":{"rendered":"Portrait : Jacky Brard"},"content":{"rendered":"\t\t<div data-elementor-type=\"wp-page\" data-elementor-id=\"387\" class=\"elementor elementor-387\" data-elementor-post-type=\"page\">\n\t\t\t\t\t\t<section class=\"elementor-section elementor-top-section elementor-element elementor-element-c45fb45 elementor-section-boxed elementor-section-height-default elementor-section-height-default\" data-id=\"c45fb45\" data-element_type=\"section\">\n\t\t\t\t\t\t<div class=\"elementor-container elementor-column-gap-default\">\n\t\t\t\t\t<div class=\"elementor-column elementor-col-100 elementor-top-column elementor-element elementor-element-96c5d16\" data-id=\"96c5d16\" data-element_type=\"column\">\n\t\t\t<div class=\"elementor-widget-wrap elementor-element-populated\">\n\t\t\t\t\t\t<div class=\"elementor-element elementor-element-d21faed elementor-widget elementor-widget-image\" data-id=\"d21faed\" data-element_type=\"widget\" data-widget_type=\"image.default\">\n\t\t\t\t<div class=\"elementor-widget-container\">\n\t\t\t\t\t\t\t\t\t\t\t\t\t\t\t<img fetchpriority=\"high\" decoding=\"async\" width=\"1024\" height=\"684\" src=\"https:\/\/vergersdelozere.net\/wp-content\/uploads\/2020\/10\/VdL_Jacky_4664-1024x684.jpg\" class=\"attachment-large size-large wp-image-619\" alt=\"\" srcset=\"https:\/\/vergersdelozere.net\/wp-content\/uploads\/2020\/10\/VdL_Jacky_4664-1024x684.jpg 1024w, https:\/\/vergersdelozere.net\/wp-content\/uploads\/2020\/10\/VdL_Jacky_4664-300x200.jpg 300w, https:\/\/vergersdelozere.net\/wp-content\/uploads\/2020\/10\/VdL_Jacky_4664-768x513.jpg 768w, https:\/\/vergersdelozere.net\/wp-content\/uploads\/2020\/10\/VdL_Jacky_4664-1536x1025.jpg 1536w, https:\/\/vergersdelozere.net\/wp-content\/uploads\/2020\/10\/VdL_Jacky_4664-2048x1367.jpg 2048w\" sizes=\"(max-width: 1024px) 100vw, 1024px\" \/>\t\t\t\t\t\t\t\t\t\t\t\t\t\t\t<\/div>\n\t\t\t\t<\/div>\n\t\t\t\t\t<\/div>\n\t\t<\/div>\n\t\t\t\t\t<\/div>\n\t\t<\/section>\n\t\t\t\t<section class=\"elementor-section elementor-top-section elementor-element elementor-element-68b95c16 elementor-section-boxed elementor-section-height-default elementor-section-height-default\" data-id=\"68b95c16\" data-element_type=\"section\">\n\t\t\t\t\t\t<div class=\"elementor-container elementor-column-gap-default\">\n\t\t\t\t\t<div class=\"elementor-column elementor-col-100 elementor-top-column elementor-element elementor-element-79cc8d1f\" data-id=\"79cc8d1f\" data-element_type=\"column\">\n\t\t\t<div class=\"elementor-widget-wrap elementor-element-populated\">\n\t\t\t\t\t\t<div class=\"elementor-element elementor-element-6330a07f elementor-widget elementor-widget-text-editor\" data-id=\"6330a07f\" data-element_type=\"widget\" data-widget_type=\"text-editor.default\">\n\t\t\t\t<div class=\"elementor-widget-container\">\n\t\t\t\t\t\t\t\t\t<p><\/p>\n<p><\/p>\n<p><span style=\"color: #808080;\">Jardinier paysagiste retrait\u00e9, Jacky est l&rsquo;un des membres fondateurs de Vergers de Loz\u00e8re.<\/span><\/p>\n<p><span style=\"color: #808080;\"> Passionn\u00e9 de nature en g\u00e9n\u00e9ral, d&rsquo;arboriculture en particulier, mais aussi de reptiles, sa fibre p\u00e9dagogique se d\u00e9ploie <\/span><span style=\"color: #808080;\">r\u00e9guli\u00e8rement contact des enfants des \u00e9coles de Loz\u00e8re. \u00a0Il coanime, avec Nathalie Fournier, \u00a0l&rsquo;\u00e9mission \u00ab\u00a0Cultivons notre jardin\u00a0\u00bb sur <em>48 FM<\/em>.\u00a0<\/span><\/p>\n<p><span style=\"color: #808080;\">Il intervient ponctuellement \u00e0 la demande de nombreuses associations sur des th\u00e9matiques \u00ab\u00a0Nature\u00a0\u00bb et de mani\u00e8re plus soutenue avec <em>Jardins Nature 48<\/em> et <em>Vergers de Loz\u00e8re<\/em>, dont il supervise les aspects techniques et p\u00e9dagogiques.<\/span><\/p>\n<p><\/p>\t\t\t\t\t\t\t\t<\/div>\n\t\t\t\t<\/div>\n\t\t\t\t\t<\/div>\n\t\t<\/div>\n\t\t\t\t\t<\/div>\n\t\t<\/section>\n\t\t\t\t<\/div>\n\t\t","protected":false},"excerpt":{"rendered":"<p>Jardinier paysagiste retrait\u00e9, Jacky est l&rsquo;un des membres fondateurs de Vergers de Loz\u00e8re. Passionn\u00e9 de nature en g\u00e9n\u00e9ral, d&rsquo;arboriculture en particulier, mais aussi de reptiles, sa fibre p\u00e9dagogique se d\u00e9ploie r\u00e9guli\u00e8rement contact des enfants des \u00e9coles de Loz\u00e8re. \u00a0Il coanime, avec Nathalie Fournier, \u00a0l&rsquo;\u00e9mission \u00ab\u00a0Cultivons notre jardin\u00a0\u00bb sur 48 FM.\u00a0 Il intervient ponctuellement \u00e0 la [&hellip;]<\/p>\n","protected":false},"author":1,"featured_media":0,"parent":0,"menu_order":0,"comment_status":"closed","ping_status":"closed","template":"","meta":{"_acf_changed":false,"ocean_post_layout":"","ocean_both_sidebars_style":"","ocean_both_sidebars_content_width":0,"ocean_both_sidebars_sidebars_width":0,"ocean_sidebar":"0","ocean_second_sidebar":"0","ocean_disable_margins":"enable","ocean_add_body_class":"","ocean_shortcode_before_top_bar":"","ocean_shortcode_after_top_bar":"","ocean_shortcode_before_header":"","ocean_shortcode_after_header":"","ocean_has_shortcode":"","ocean_shortcode_after_title":"","ocean_shortcode_before_footer_widgets":"","ocean_shortcode_after_footer_widgets":"","ocean_shortcode_before_footer_bottom":"","ocean_shortcode_after_footer_bottom":"","ocean_display_top_bar":"default","ocean_display_header":"default","ocean_header_style":"","ocean_center_header_left_menu":"0","ocean_custom_header_template":"0","ocean_custom_logo":0,"ocean_custom_retina_logo":0,"ocean_custom_logo_max_width":0,"ocean_custom_logo_tablet_max_width":0,"ocean_custom_logo_mobile_max_width":0,"ocean_custom_logo_max_height":0,"ocean_custom_logo_tablet_max_height":0,"ocean_custom_logo_mobile_max_height":0,"ocean_header_custom_menu":"0","ocean_menu_typo_font_family":"0","ocean_menu_typo_font_subset":"","ocean_menu_typo_font_size":0,"ocean_menu_typo_font_size_tablet":0,"ocean_menu_typo_font_size_mobile":0,"ocean_menu_typo_font_size_unit":"px","ocean_menu_typo_font_weight":"","ocean_menu_typo_font_weight_tablet":"","ocean_menu_typo_font_weight_mobile":"","ocean_menu_typo_transform":"","ocean_menu_typo_transform_tablet":"","ocean_menu_typo_transform_mobile":"","ocean_menu_typo_line_height":0,"ocean_menu_typo_line_height_tablet":0,"ocean_menu_typo_line_height_mobile":0,"ocean_menu_typo_line_height_unit":"","ocean_menu_typo_spacing":0,"ocean_menu_typo_spacing_tablet":0,"ocean_menu_typo_spacing_mobile":0,"ocean_menu_typo_spacing_unit":"","ocean_menu_link_color":"","ocean_menu_link_color_hover":"","ocean_menu_link_color_active":"","ocean_menu_link_background":"","ocean_menu_link_hover_background":"","ocean_menu_link_active_background":"","ocean_menu_social_links_bg":"","ocean_menu_social_hover_links_bg":"","ocean_menu_social_links_color":"","ocean_menu_social_hover_links_color":"","ocean_disable_title":"default","ocean_disable_heading":"default","ocean_post_title":"","ocean_post_subheading":"","ocean_post_title_style":"","ocean_post_title_background_color":"","ocean_post_title_background":0,"ocean_post_title_bg_image_position":"","ocean_post_title_bg_image_attachment":"","ocean_post_title_bg_image_repeat":"","ocean_post_title_bg_image_size":"","ocean_post_title_height":0,"ocean_post_title_bg_overlay":0.5,"ocean_post_title_bg_overlay_color":"","ocean_disable_breadcrumbs":"default","ocean_breadcrumbs_color":"","ocean_breadcrumbs_separator_color":"","ocean_breadcrumbs_links_color":"","ocean_breadcrumbs_links_hover_color":"","ocean_display_footer_widgets":"default","ocean_display_footer_bottom":"default","ocean_custom_footer_template":"0","footnotes":""},"class_list":["post-387","page","type-page","status-publish","hentry","entry"],"acf":[],"_links":{"self":[{"href":"https:\/\/vergersdelozere.net\/index.php\/wp-json\/wp\/v2\/pages\/387"}],"collection":[{"href":"https:\/\/vergersdelozere.net\/index.php\/wp-json\/wp\/v2\/pages"}],"about":[{"href":"https:\/\/vergersdelozere.net\/index.php\/wp-json\/wp\/v2\/types\/page"}],"author":[{"embeddable":true,"href":"https:\/\/vergersdelozere.net\/index.php\/wp-json\/wp\/v2\/users\/1"}],"replies":[{"embeddable":true,"href":"https:\/\/vergersdelozere.net\/index.php\/wp-json\/wp\/v2\/comments?post=387"}],"version-history":[{"count":14,"href":"https:\/\/vergersdelozere.net\/index.php\/wp-json\/wp\/v2\/pages\/387\/revisions"}],"predecessor-version":[{"id":1310,"href":"https:\/\/vergersdelozere.net\/index.php\/wp-json\/wp\/v2\/pages\/387\/revisions\/1310"}],"wp:attachment":[{"href":"https:\/\/vergersdelozere.net\/index.php\/wp-json\/wp\/v2\/media?parent=387"}],"curies":[{"name":"wp","href":"https:\/\/api.w.org\/{rel}","templated":true}]}}