{"id":2911,"date":"2021-01-25T07:59:18","date_gmt":"2021-01-25T06:59:18","guid":{"rendered":"https:\/\/vergersdelozere.net\/?page_id=2911"},"modified":"2022-02-17T17:24:16","modified_gmt":"2022-02-17T16:24:16","slug":"lettres-de-liaison","status":"publish","type":"page","link":"https:\/\/vergersdelozere.net\/index.php\/lettres-de-liaison\/","title":{"rendered":"Lettres de liaison"},"content":{"rendered":"\t\t<div data-elementor-type=\"wp-page\" data-elementor-id=\"2911\" class=\"elementor elementor-2911\" data-elementor-post-type=\"page\">\n\t\t\t\t\t\t<section class=\"elementor-section elementor-top-section elementor-element elementor-element-e28dbfb elementor-section-boxed elementor-section-height-default elementor-section-height-default\" data-id=\"e28dbfb\" data-element_type=\"section\">\n\t\t\t\t\t\t<div class=\"elementor-container elementor-column-gap-default\">\n\t\t\t\t\t<div class=\"elementor-column elementor-col-100 elementor-top-column elementor-element elementor-element-b97f37e\" data-id=\"b97f37e\" data-element_type=\"column\">\n\t\t\t<div class=\"elementor-widget-wrap elementor-element-populated\">\n\t\t\t\t\t\t<div class=\"elementor-element elementor-element-f9386e5 elementor-widget elementor-widget-text-editor\" data-id=\"f9386e5\" data-element_type=\"widget\" data-widget_type=\"text-editor.default\">\n\t\t\t\t<div class=\"elementor-widget-container\">\n\t\t\t\t\t\t\t\t\t<p>Bourgeons de Printemps, Feuilles d&rsquo;Automne, Bois d&rsquo;Hiver&#8230; et Fruits d&rsquo;Et\u00e9, les bonnes ann\u00e9es !<\/p>\t\t\t\t\t\t\t\t<\/div>\n\t\t\t\t<\/div>\n\t\t\t\t<div class=\"elementor-element elementor-element-025eb51 elementor-widget elementor-widget-text-editor\" data-id=\"025eb51\" data-element_type=\"widget\" data-widget_type=\"text-editor.default\">\n\t\t\t\t<div class=\"elementor-widget-container\">\n\t\t\t\t\t\t\t\t\t<p style=\"text-align: center;\">Documents PDF en t\u00e9l\u00e9chargement.<\/p>\t\t\t\t\t\t\t\t<\/div>\n\t\t\t\t<\/div>\n\t\t\t\t<div class=\"elementor-element elementor-element-542a22e elementor-widget elementor-widget-heading\" data-id=\"542a22e\" data-element_type=\"widget\" data-widget_type=\"heading.default\">\n\t\t\t\t<div class=\"elementor-widget-container\">\n\t\t\t\t\t<h2 class=\"elementor-heading-title elementor-size-default\">2021 Fruit d'Et\u00e9<\/h2>\t\t\t\t<\/div>\n\t\t\t\t<\/div>\n\t\t\t\t<div class=\"elementor-element elementor-element-ba312e4 elementor-widget elementor-widget-text-editor\" data-id=\"ba312e4\" data-element_type=\"widget\" data-widget_type=\"text-editor.default\">\n\t\t\t\t<div class=\"elementor-widget-container\">\n\t\t\t\t\t\t\t\t\t<p><a href=\"https:\/\/vergersdelozere.net\/wp-content\/uploads\/2022\/02\/VdL20210700_Lettre_Liaison_n\u00b010_Recto.pdf\" target=\"_blank\" rel=\"noopener\">Lettre de liaison n\u00b010 (juillet 2021) &#8211; Recto<\/a><\/p><p><a href=\"https:\/\/vergersdelozere.net\/wp-content\/uploads\/2022\/02\/VdL20210700_Lettre_Liaison_n\u00b010_Verso.pdf\" target=\"_blank\" rel=\"noopener\">Lettre de liaison \u00a0n\u00b010 (juillet 2021)\u00a0&#8211; Verso<\/a><\/p>\t\t\t\t\t\t\t\t<\/div>\n\t\t\t\t<\/div>\n\t\t\t\t<div class=\"elementor-element elementor-element-b31e2b6 elementor-widget elementor-widget-heading\" data-id=\"b31e2b6\" data-element_type=\"widget\" data-widget_type=\"heading.default\">\n\t\t\t\t<div class=\"elementor-widget-container\">\n\t\t\t\t\t<h2 class=\"elementor-heading-title elementor-size-default\">2021 Bourgeon de Printemps<\/h2>\t\t\t\t<\/div>\n\t\t\t\t<\/div>\n\t\t\t\t<div class=\"elementor-element elementor-element-fa29e3e elementor-widget elementor-widget-text-editor\" data-id=\"fa29e3e\" data-element_type=\"widget\" data-widget_type=\"text-editor.default\">\n\t\t\t\t<div class=\"elementor-widget-container\">\n\t\t\t\t\t\t\t\t\t<p><a href=\"https:\/\/vergersdelozere.net\/wp-content\/uploads\/2022\/02\/VdL20210400_Lettre_Liaison_n\u00b09_Recto.pdf\" target=\"_blank\" rel=\"noopener\">Lettre de liaison n\u00b09 (avril 2021) &#8211; Recto<\/a><\/p><p><a href=\"https:\/\/vergersdelozere.net\/wp-content\/uploads\/2022\/02\/VdL20210400_Lettre_Liaison_n\u00b09_Verso.pdf\" target=\"_blank\" rel=\"noopener\">Lettre de liaison\u00a0\u00a0n\u00b09 (avril 2021)\u00a0&#8211; Verso<\/a><\/p>\t\t\t\t\t\t\t\t<\/div>\n\t\t\t\t<\/div>\n\t\t\t\t<div class=\"elementor-element elementor-element-4fcef57 elementor-widget elementor-widget-heading\" data-id=\"4fcef57\" data-element_type=\"widget\" data-widget_type=\"heading.default\">\n\t\t\t\t<div class=\"elementor-widget-container\">\n\t\t\t\t\t<h2 class=\"elementor-heading-title elementor-size-default\">2020 Bois d'Hiver<\/h2>\t\t\t\t<\/div>\n\t\t\t\t<\/div>\n\t\t\t\t<div class=\"elementor-element elementor-element-b53bcbe elementor-widget elementor-widget-text-editor\" data-id=\"b53bcbe\" data-element_type=\"widget\" data-widget_type=\"text-editor.default\">\n\t\t\t\t<div class=\"elementor-widget-container\">\n\t\t\t\t\t\t\t\t\t<p><a href=\"https:\/\/vergersdelozere.net\/wp-content\/uploads\/2021\/02\/VdL20210100_Lettre_Liaison_n\u00b08_recto.pdf\" target=\"_blank\" rel=\"noopener\">Lettre de liaison n\u00b08 (d\u00e9cembre 2020) &#8211; Recto<\/a><\/p><p><a href=\"https:\/\/vergersdelozere.net\/wp-content\/uploads\/2021\/02\/VdL20210100_Lettre_Liaison_n\u00b08_verso.pdf\" target=\"_blank\" rel=\"noopener\">Lettre de liaison n\u00b08 (d\u00e9cembre 2020) &#8211; Verso<\/a><\/p>\t\t\t\t\t\t\t\t<\/div>\n\t\t\t\t<\/div>\n\t\t\t\t<div class=\"elementor-element elementor-element-13ef1cb elementor-widget elementor-widget-heading\" data-id=\"13ef1cb\" data-element_type=\"widget\" data-widget_type=\"heading.default\">\n\t\t\t\t<div class=\"elementor-widget-container\">\n\t\t\t\t\t<h2 class=\"elementor-heading-title elementor-size-default\">2018 <span data-elementor-setting-key=\"title\" data-pen-placeholder=\"\u00c9crivez ici...\" style=\"font-size: 20px;font-style: normal;font-weight: 600\">Feuille d'Automne<\/span><\/h2>\t\t\t\t<\/div>\n\t\t\t\t<\/div>\n\t\t\t\t<div class=\"elementor-element elementor-element-c00a315 elementor-widget elementor-widget-text-editor\" data-id=\"c00a315\" data-element_type=\"widget\" data-widget_type=\"text-editor.default\">\n\t\t\t\t<div class=\"elementor-widget-container\">\n\t\t\t\t\t\t\t\t\t<p><a href=\"https:\/\/vergersdelozere.net\/wp-content\/uploads\/2021\/02\/VdL20181200_Lettre_Liaison_n\u00b07_recto.pdf\" target=\"_blank\" rel=\"noopener\">Lettre de liaison n\u00b07 (d\u00e9cembre 2018) &#8211; Recto<\/a><\/p><p><a href=\"https:\/\/vergersdelozere.net\/wp-content\/uploads\/2021\/02\/VdL20181200_Lettre_Liaison_n\u00b07_verso.pdf\" target=\"_blank\" rel=\"noopener\">Lettre de liaison n\u00b07 (d\u00e9cembre 2018) &#8211; Verso<\/a><\/p>\t\t\t\t\t\t\t\t<\/div>\n\t\t\t\t<\/div>\n\t\t\t\t<div class=\"elementor-element elementor-element-f6e531d elementor-widget elementor-widget-heading\" data-id=\"f6e531d\" data-element_type=\"widget\" data-widget_type=\"heading.default\">\n\t\t\t\t<div class=\"elementor-widget-container\">\n\t\t\t\t\t<h2 class=\"elementor-heading-title elementor-size-default\">2017 <span data-elementor-setting-key=\"title\" data-pen-placeholder=\"\u00c9crivez ici...\" style=\"font-size: 20px;font-style: normal;font-weight: 600\">Feuille d'Automne<\/span><\/h2>\t\t\t\t<\/div>\n\t\t\t\t<\/div>\n\t\t\t\t<div class=\"elementor-element elementor-element-4d2815a elementor-widget elementor-widget-text-editor\" data-id=\"4d2815a\" data-element_type=\"widget\" data-widget_type=\"text-editor.default\">\n\t\t\t\t<div class=\"elementor-widget-container\">\n\t\t\t\t\t\t\t\t\t<p><a href=\"https:\/\/vergersdelozere.net\/wp-content\/uploads\/2021\/02\/VdL20171200_Lettre_Liaison_n\u00b06_recto.pdf\" target=\"_blank\" rel=\"noopener\">Lettre de liaison n\u00b06 (d\u00e9cembre 2017) &#8211; Recto<\/a><\/p><p><a href=\"https:\/\/vergersdelozere.net\/wp-content\/uploads\/2021\/02\/VdL20171200_Lettre_Liaison_n\u00b06_verso.pdf\" target=\"_blank\" rel=\"noopener\">Lettre de liaison n\u00b06 (d\u00e9cembre 2017) &#8211; Verso<\/a><\/p>\t\t\t\t\t\t\t\t<\/div>\n\t\t\t\t<\/div>\n\t\t\t\t<div class=\"elementor-element elementor-element-3206a11 elementor-widget elementor-widget-heading\" data-id=\"3206a11\" data-element_type=\"widget\" data-widget_type=\"heading.default\">\n\t\t\t\t<div class=\"elementor-widget-container\">\n\t\t\t\t\t<h2 class=\"elementor-heading-title elementor-size-default\">2016 <span class=\"elementor-heading-title elementor-size-default elementor-inline-editing pen\" data-elementor-setting-key=\"title\" data-pen-placeholder=\"\u00c9crivez ici...\" style=\"font-size: 20px;font-style: normal;font-weight: 600\">Feuille d'Automne<\/span><\/h2>\t\t\t\t<\/div>\n\t\t\t\t<\/div>\n\t\t\t\t<div class=\"elementor-element elementor-element-5370890 elementor-widget elementor-widget-text-editor\" data-id=\"5370890\" data-element_type=\"widget\" data-widget_type=\"text-editor.default\">\n\t\t\t\t<div class=\"elementor-widget-container\">\n\t\t\t\t\t\t\t\t\t<p><a href=\"https:\/\/vergersdelozere.net\/wp-content\/uploads\/2021\/02\/VdL20151200_Lettre_Liaison_n\u00b05_recto.pdf\" target=\"_blank\" rel=\"noopener\">Lettre de liaison n\u00b05 (d\u00e9cembre 2015) &#8211; Recto<\/a><\/p><p><a href=\"https:\/\/vergersdelozere.net\/wp-content\/uploads\/2021\/02\/VdL20151200_Lettre_Liaison_n\u00b05_verso.pdf\" target=\"_blank\" rel=\"noopener\">Lettre de liaison n\u00b05 (d\u00e9cembre 2015) &#8211; Verso<\/a><\/p>\t\t\t\t\t\t\t\t<\/div>\n\t\t\t\t<\/div>\n\t\t\t\t<div class=\"elementor-element elementor-element-21401de elementor-widget elementor-widget-heading\" data-id=\"21401de\" data-element_type=\"widget\" data-widget_type=\"heading.default\">\n\t\t\t\t<div class=\"elementor-widget-container\">\n\t\t\t\t\t<h2 class=\"elementor-heading-title elementor-size-default\">2015 <span class=\"elementor-heading-title elementor-size-default elementor-inline-editing pen\" data-elementor-setting-key=\"title\" data-pen-placeholder=\"\u00c9crivez ici...\" style=\"font-size: 20px;font-style: normal;font-weight: 600\">Bourgeon de Printemps<\/span><\/h2>\t\t\t\t<\/div>\n\t\t\t\t<\/div>\n\t\t\t\t<div class=\"elementor-element elementor-element-d9553df elementor-widget elementor-widget-text-editor\" data-id=\"d9553df\" data-element_type=\"widget\" data-widget_type=\"text-editor.default\">\n\t\t\t\t<div class=\"elementor-widget-container\">\n\t\t\t\t\t\t\t\t\t<p><a href=\"https:\/\/vergersdelozere.net\/wp-content\/uploads\/2021\/02\/VdL20150600_Lettre_Liaison_n\u00b04_recto.pdf\" target=\"_blank\" rel=\"noopener\">Lettre de liaison n\u00b04 (juin 2015) &#8211; Recto<\/a><\/p><p><a href=\"https:\/\/vergersdelozere.net\/wp-content\/uploads\/2021\/02\/VdL20150600_Lettre_Liaison_n\u00b04_verso.pdf\" target=\"_blank\" rel=\"noopener\">Lettre de liaison n\u00b04 (juin 2015) &#8211; Verso<\/a><\/p>\t\t\t\t\t\t\t\t<\/div>\n\t\t\t\t<\/div>\n\t\t\t\t<div class=\"elementor-element elementor-element-8797ad4 elementor-widget elementor-widget-heading\" data-id=\"8797ad4\" data-element_type=\"widget\" data-widget_type=\"heading.default\">\n\t\t\t\t<div class=\"elementor-widget-container\">\n\t\t\t\t\t<h2 class=\"elementor-heading-title elementor-size-default\">2014 <span class=\"elementor-heading-title elementor-size-default elementor-inline-editing pen\" data-elementor-setting-key=\"title\" data-pen-placeholder=\"\u00c9crivez ici...\" style=\"font-size: 20px;font-style: normal;font-weight: 600\">Feuille d'Automne<\/span><\/h2>\t\t\t\t<\/div>\n\t\t\t\t<\/div>\n\t\t\t\t<div class=\"elementor-element elementor-element-8754ab5 elementor-widget elementor-widget-text-editor\" data-id=\"8754ab5\" data-element_type=\"widget\" data-widget_type=\"text-editor.default\">\n\t\t\t\t<div class=\"elementor-widget-container\">\n\t\t\t\t\t\t\t\t\t<p><a href=\"https:\/\/vergersdelozere.net\/wp-content\/uploads\/2021\/02\/VdL_201412000_-Lettre_n\u00b03_recto.pdf\" target=\"_blank\" rel=\"noopener\">Lettre de liaison n\u00b03 (d\u00e9cembre 2014) &#8211; Recto<\/a><\/p><p><a href=\"https:\/\/vergersdelozere.net\/wp-content\/uploads\/2021\/02\/VdL_201412000_-Lettre_n\u00b03_verso.pdf\" target=\"_blank\" rel=\"noopener\">Lettre de liaison n\u00b03 (d\u00e9cembre 2014) &#8211; Verso<\/a><\/p>\t\t\t\t\t\t\t\t<\/div>\n\t\t\t\t<\/div>\n\t\t\t\t<div class=\"elementor-element elementor-element-11b8f3f elementor-widget elementor-widget-heading\" data-id=\"11b8f3f\" data-element_type=\"widget\" data-widget_type=\"heading.default\">\n\t\t\t\t<div class=\"elementor-widget-container\">\n\t\t\t\t\t<h2 class=\"elementor-heading-title elementor-size-default\">2014 Bourgeon de Printemps<\/h2>\t\t\t\t<\/div>\n\t\t\t\t<\/div>\n\t\t\t\t<div class=\"elementor-element elementor-element-650adb3 elementor-widget elementor-widget-text-editor\" data-id=\"650adb3\" data-element_type=\"widget\" data-widget_type=\"text-editor.default\">\n\t\t\t\t<div class=\"elementor-widget-container\">\n\t\t\t\t\t\t\t\t\t<p><a href=\"https:\/\/vergersdelozere.net\/wp-content\/uploads\/2021\/01\/VdL20140700_Lettre_Liaison_n\u00b02_recto.pdf\" target=\"_blank\" rel=\"noopener\">Lettre de liaison n\u00b02 (juillet 2014) &#8211; Recto<\/a><\/p><p><a href=\"https:\/\/vergersdelozere.net\/wp-content\/uploads\/2021\/01\/VdL20140700_Lettre_Liaison_n\u00b02_verso.pdf\" target=\"_blank\" rel=\"noopener\">Lettre de liaison n\u00b02\u00a0\u00a0(juillet 2014)\u00a0&#8211; Verso<\/a><\/p>\t\t\t\t\t\t\t\t<\/div>\n\t\t\t\t<\/div>\n\t\t\t\t<div class=\"elementor-element elementor-element-cd36fc4 elementor-widget elementor-widget-heading\" data-id=\"cd36fc4\" data-element_type=\"widget\" data-widget_type=\"heading.default\">\n\t\t\t\t<div class=\"elementor-widget-container\">\n\t\t\t\t\t<h2 class=\"elementor-heading-title elementor-size-default\">2013 <span class=\"elementor-heading-title elementor-size-default elementor-inline-editing pen\" data-elementor-setting-key=\"title\" data-pen-placeholder=\"\u00c9crivez ici...\" style=\"font-size: 20px;font-style: normal;font-weight: 600\">Feuille d'Automne<\/span><\/h2>\t\t\t\t<\/div>\n\t\t\t\t<\/div>\n\t\t\t\t<div class=\"elementor-element elementor-element-ad220b1 elementor-widget elementor-widget-text-editor\" data-id=\"ad220b1\" data-element_type=\"widget\" data-widget_type=\"text-editor.default\">\n\t\t\t\t<div class=\"elementor-widget-container\">\n\t\t\t\t\t\t\t\t\t<p><a href=\"https:\/\/vergersdelozere.net\/wp-content\/uploads\/2021\/01\/VdL20131200_Lettre_Liaison_n\u00b01_recto-1.pdf\" target=\"_blank\" rel=\"noopener\">Lettre de liaison n\u00b01 (d\u00e9cembre 2013) &#8211; Recto<\/a><\/p>\n<p><a href=\"https:\/\/vergersdelozere.net\/wp-content\/uploads\/2021\/01\/VdL20131200_Lettre_Liaison_n\u00b01_verso.pdf\" target=\"_blank\" rel=\"noopener\">Lettre de liaison n\u00b01 (d\u00e9cembre 2013) &#8211; Verso<\/a><\/p>\t\t\t\t\t\t\t\t<\/div>\n\t\t\t\t<\/div>\n\t\t\t\t<div class=\"elementor-element elementor-element-88d51e4 elementor-widget elementor-widget-spacer\" data-id=\"88d51e4\" data-element_type=\"widget\" data-widget_type=\"spacer.default\">\n\t\t\t\t<div class=\"elementor-widget-container\">\n\t\t\t\t\t\t\t<div class=\"elementor-spacer\">\n\t\t\t<div class=\"elementor-spacer-inner\"><\/div>\n\t\t<\/div>\n\t\t\t\t\t\t<\/div>\n\t\t\t\t<\/div>\n\t\t\t\t<div class=\"elementor-element elementor-element-44273f2 elementor-widget elementor-widget-image\" data-id=\"44273f2\" data-element_type=\"widget\" data-widget_type=\"image.default\">\n\t\t\t\t<div class=\"elementor-widget-container\">\n\t\t\t\t\t\t\t\t\t\t\t\t<figure class=\"wp-caption\">\n\t\t\t\t\t\t\t\t\t\t<img fetchpriority=\"high\" decoding=\"async\" width=\"768\" height=\"511\" src=\"https:\/\/vergersdelozere.net\/wp-content\/uploads\/2021\/02\/Verger_a_Rampon\u00a9Gregoire_Guy_PNC_1100x732-72-768x511.jpg\" class=\"attachment-medium_large size-medium_large wp-image-3378\" alt=\"\" srcset=\"https:\/\/vergersdelozere.net\/wp-content\/uploads\/2021\/02\/Verger_a_Rampon\u00a9Gregoire_Guy_PNC_1100x732-72-768x511.jpg 768w, https:\/\/vergersdelozere.net\/wp-content\/uploads\/2021\/02\/Verger_a_Rampon\u00a9Gregoire_Guy_PNC_1100x732-72-300x200.jpg 300w, https:\/\/vergersdelozere.net\/wp-content\/uploads\/2021\/02\/Verger_a_Rampon\u00a9Gregoire_Guy_PNC_1100x732-72-1024x681.jpg 1024w, https:\/\/vergersdelozere.net\/wp-content\/uploads\/2021\/02\/Verger_a_Rampon\u00a9Gregoire_Guy_PNC_1100x732-72.jpg 1100w\" sizes=\"(max-width: 768px) 100vw, 768px\" \/>\t\t\t\t\t\t\t\t\t\t\t<figcaption class=\"widget-image-caption wp-caption-text\">Verger \u00e0 Rampon \u00a9Gr\u00e9goire_Guy_PNC<\/figcaption>\n\t\t\t\t\t\t\t\t\t\t<\/figure>\n\t\t\t\t\t\t\t\t\t<\/div>\n\t\t\t\t<\/div>\n\t\t\t\t\t<\/div>\n\t\t<\/div>\n\t\t\t\t\t<\/div>\n\t\t<\/section>\n\t\t\t\t<\/div>\n\t\t","protected":false},"excerpt":{"rendered":"<p>Bourgeons de Printemps, Feuilles d&rsquo;Automne, Bois d&rsquo;Hiver&#8230; et Fruits d&rsquo;Et\u00e9, les bonnes ann\u00e9es ! Documents PDF en t\u00e9l\u00e9chargement. 2021 Fruit d&rsquo;Et\u00e9 Lettre de liaison n\u00b010 (juillet 2021) &#8211; Recto Lettre de liaison \u00a0n\u00b010 (juillet 2021)\u00a0&#8211; Verso 2021 Bourgeon de Printemps Lettre de liaison n\u00b09 (avril 2021) &#8211; Recto Lettre de liaison\u00a0\u00a0n\u00b09 (avril 2021)\u00a0&#8211; Verso 2020 [&hellip;]<\/p>\n","protected":false},"author":1,"featured_media":0,"parent":0,"menu_order":0,"comment_status":"closed","ping_status":"closed","template":"","meta":{"_acf_changed":false,"ocean_post_layout":"","ocean_both_sidebars_style":"","ocean_both_sidebars_content_width":0,"ocean_both_sidebars_sidebars_width":0,"ocean_sidebar":"0","ocean_second_sidebar":"0","ocean_disable_margins":"enable","ocean_add_body_class":"","ocean_shortcode_before_top_bar":"","ocean_shortcode_after_top_bar":"","ocean_shortcode_before_header":"","ocean_shortcode_after_header":"","ocean_has_shortcode":"","ocean_shortcode_after_title":"","ocean_shortcode_before_footer_widgets":"","ocean_shortcode_after_footer_widgets":"","ocean_shortcode_before_footer_bottom":"","ocean_shortcode_after_footer_bottom":"","ocean_display_top_bar":"default","ocean_display_header":"default","ocean_header_style":"","ocean_center_header_left_menu":"0","ocean_custom_header_template":"0","ocean_custom_logo":0,"ocean_custom_retina_logo":0,"ocean_custom_logo_max_width":0,"ocean_custom_logo_tablet_max_width":0,"ocean_custom_logo_mobile_max_width":0,"ocean_custom_logo_max_height":0,"ocean_custom_logo_tablet_max_height":0,"ocean_custom_logo_mobile_max_height":0,"ocean_header_custom_menu":"0","ocean_menu_typo_font_family":"0","ocean_menu_typo_font_subset":"","ocean_menu_typo_font_size":0,"ocean_menu_typo_font_size_tablet":0,"ocean_menu_typo_font_size_mobile":0,"ocean_menu_typo_font_size_unit":"px","ocean_menu_typo_font_weight":"","ocean_menu_typo_font_weight_tablet":"","ocean_menu_typo_font_weight_mobile":"","ocean_menu_typo_transform":"","ocean_menu_typo_transform_tablet":"","ocean_menu_typo_transform_mobile":"","ocean_menu_typo_line_height":0,"ocean_menu_typo_line_height_tablet":0,"ocean_menu_typo_line_height_mobile":0,"ocean_menu_typo_line_height_unit":"","ocean_menu_typo_spacing":0,"ocean_menu_typo_spacing_tablet":0,"ocean_menu_typo_spacing_mobile":0,"ocean_menu_typo_spacing_unit":"","ocean_menu_link_color":"","ocean_menu_link_color_hover":"","ocean_menu_link_color_active":"","ocean_menu_link_background":"","ocean_menu_link_hover_background":"","ocean_menu_link_active_background":"","ocean_menu_social_links_bg":"","ocean_menu_social_hover_links_bg":"","ocean_menu_social_links_color":"","ocean_menu_social_hover_links_color":"","ocean_disable_title":"default","ocean_disable_heading":"default","ocean_post_title":"","ocean_post_subheading":"","ocean_post_title_style":"","ocean_post_title_background_color":"","ocean_post_title_background":0,"ocean_post_title_bg_image_position":"","ocean_post_title_bg_image_attachment":"","ocean_post_title_bg_image_repeat":"","ocean_post_title_bg_image_size":"","ocean_post_title_height":0,"ocean_post_title_bg_overlay":0.5,"ocean_post_title_bg_overlay_color":"","ocean_disable_breadcrumbs":"default","ocean_breadcrumbs_color":"","ocean_breadcrumbs_separator_color":"","ocean_breadcrumbs_links_color":"","ocean_breadcrumbs_links_hover_color":"","ocean_display_footer_widgets":"default","ocean_display_footer_bottom":"default","ocean_custom_footer_template":"0","footnotes":""},"class_list":["post-2911","page","type-page","status-publish","hentry","entry"],"acf":[],"_links":{"self":[{"href":"https:\/\/vergersdelozere.net\/index.php\/wp-json\/wp\/v2\/pages\/2911"}],"collection":[{"href":"https:\/\/vergersdelozere.net\/index.php\/wp-json\/wp\/v2\/pages"}],"about":[{"href":"https:\/\/vergersdelozere.net\/index.php\/wp-json\/wp\/v2\/types\/page"}],"author":[{"embeddable":true,"href":"https:\/\/vergersdelozere.net\/index.php\/wp-json\/wp\/v2\/users\/1"}],"replies":[{"embeddable":true,"href":"https:\/\/vergersdelozere.net\/index.php\/wp-json\/wp\/v2\/comments?post=2911"}],"version-history":[{"count":133,"href":"https:\/\/vergersdelozere.net\/index.php\/wp-json\/wp\/v2\/pages\/2911\/revisions"}],"predecessor-version":[{"id":4677,"href":"https:\/\/vergersdelozere.net\/index.php\/wp-json\/wp\/v2\/pages\/2911\/revisions\/4677"}],"wp:attachment":[{"href":"https:\/\/vergersdelozere.net\/index.php\/wp-json\/wp\/v2\/media?parent=2911"}],"curies":[{"name":"wp","href":"https:\/\/api.w.org\/{rel}","templated":true}]}}