{"id":2627,"date":"2020-12-29T09:29:44","date_gmt":"2020-12-29T08:29:44","guid":{"rendered":"https:\/\/vergersdelozere.net\/?page_id=2627"},"modified":"2021-01-07T10:25:33","modified_gmt":"2021-01-07T09:25:33","slug":"le-verger-eclate","status":"publish","type":"page","link":"https:\/\/vergersdelozere.net\/index.php\/le-verger-eclate\/","title":{"rendered":"Le verger \u00e9clat\u00e9"},"content":{"rendered":"\t\t<div data-elementor-type=\"wp-page\" data-elementor-id=\"2627\" class=\"elementor elementor-2627\" data-elementor-post-type=\"page\">\n\t\t\t\t\t\t<section class=\"elementor-section elementor-top-section elementor-element elementor-element-2ceb620 elementor-section-boxed elementor-section-height-default elementor-section-height-default\" data-id=\"2ceb620\" data-element_type=\"section\">\n\t\t\t\t\t\t<div class=\"elementor-container elementor-column-gap-default\">\n\t\t\t\t\t<div class=\"elementor-column elementor-col-100 elementor-top-column elementor-element elementor-element-67b26fd\" data-id=\"67b26fd\" data-element_type=\"column\">\n\t\t\t<div class=\"elementor-widget-wrap elementor-element-populated\">\n\t\t\t\t\t\t<div class=\"elementor-element elementor-element-30dd8c1 elementor-widget elementor-widget-text-editor\" data-id=\"30dd8c1\" data-element_type=\"widget\" data-widget_type=\"text-editor.default\">\n\t\t\t\t<div class=\"elementor-widget-container\">\n\t\t\t\t\t\t\t\t\t<p>La plupart des vergers de production regroupent peu d&rsquo;esp\u00e8ces et de vari\u00e9t\u00e9s, tandis que l&rsquo;ensemble des jardins et vergers d&rsquo;agr\u00e9ment proposent une diversit\u00e9 remarquable.&nbsp;L&rsquo;association n&rsquo;est pas propri\u00e9taire foncier et ne poss\u00e8de pas de verger de sauvegarde, &nbsp;\u00e0 proprement parler.&nbsp;C\u2019est dans ses partenariats qu\u2019elle r\u00e9alise&nbsp;ses&nbsp;<a href=\"https:\/\/vergersdelozere.net\/index.php\/objectifs\/\" target=\"_blank\" rel=\"noopener\">objectifs<\/a>,&nbsp;dont le&nbsp;verger \u00e9clat\u00e9&nbsp;est un dispositif de premier ordre.<\/p>\t\t\t\t\t\t\t\t<\/div>\n\t\t\t\t<\/div>\n\t\t\t\t<div class=\"elementor-element elementor-element-915dee2 elementor-widget elementor-widget-spacer\" data-id=\"915dee2\" data-element_type=\"widget\" data-widget_type=\"spacer.default\">\n\t\t\t\t<div class=\"elementor-widget-container\">\n\t\t\t\t\t\t\t<div class=\"elementor-spacer\">\n\t\t\t<div class=\"elementor-spacer-inner\"><\/div>\n\t\t<\/div>\n\t\t\t\t\t\t<\/div>\n\t\t\t\t<\/div>\n\t\t\t\t<div class=\"elementor-element elementor-element-a5ac25b elementor-widget elementor-widget-heading\" data-id=\"a5ac25b\" data-element_type=\"widget\" data-widget_type=\"heading.default\">\n\t\t\t\t<div class=\"elementor-widget-container\">\n\t\t\t\t\t<h2 class=\"elementor-heading-title elementor-size-default\"><span style=\"font-size: 24px;font-style: normal\">De quoi s'agit-il ?<\/span><\/h2>\t\t\t\t<\/div>\n\t\t\t\t<\/div>\n\t\t\t\t<div class=\"elementor-element elementor-element-f884b09 elementor-widget elementor-widget-text-editor\" data-id=\"f884b09\" data-element_type=\"widget\" data-widget_type=\"text-editor.default\">\n\t\t\t\t<div class=\"elementor-widget-container\">\n\t\t\t\t\t\t\t\t\t<div>Des particuliers effectuent une d\u00e9marche volontaire pour que leur(s) arbre(s) soi(en)t r\u00e9pertori\u00e9s par l&rsquo;association, qui g\u00e8re une base de donn\u00e9es et tient un inventaire permanent des vari\u00e9t\u00e9s fruiti\u00e8res diss\u00e9min\u00e9es dans le d\u00e9partement.<\/div><div><p>Ainsi, \u00e0 tout moment, il est possible de retourner vers chacun, au gr\u00e9 des besoins et des recherches associatives.<\/p><\/div>\t\t\t\t\t\t\t\t<\/div>\n\t\t\t\t<\/div>\n\t\t\t\t<div class=\"elementor-element elementor-element-b677c9c elementor-widget elementor-widget-spacer\" data-id=\"b677c9c\" data-element_type=\"widget\" data-widget_type=\"spacer.default\">\n\t\t\t\t<div class=\"elementor-widget-container\">\n\t\t\t\t\t\t\t<div class=\"elementor-spacer\">\n\t\t\t<div class=\"elementor-spacer-inner\"><\/div>\n\t\t<\/div>\n\t\t\t\t\t\t<\/div>\n\t\t\t\t<\/div>\n\t\t\t\t<div class=\"elementor-element elementor-element-058057f elementor-widget elementor-widget-heading\" data-id=\"058057f\" data-element_type=\"widget\" data-widget_type=\"heading.default\">\n\t\t\t\t<div class=\"elementor-widget-container\">\n\t\t\t\t\t<h2 class=\"elementor-heading-title elementor-size-default\"><span style=\"font-size: 24px;font-style: normal\">Pourquoi '\u00e9clat\u00e9' ?<\/span><\/h2>\t\t\t\t<\/div>\n\t\t\t\t<\/div>\n\t\t\t\t<div class=\"elementor-element elementor-element-c8dc044 elementor-widget elementor-widget-text-editor\" data-id=\"c8dc044\" data-element_type=\"widget\" data-widget_type=\"text-editor.default\">\n\t\t\t\t<div class=\"elementor-widget-container\">\n\t\t\t\t\t\t\t\t\t<p>La diversit\u00e9 des biotopes est tr\u00e8s prononc\u00e9e en Loz\u00e8re. Il est difficile pour une association, d&rsquo;implanter et d&rsquo;entretenir autant de vergers qu&rsquo;il existe de situations environnementales.&nbsp;Aller vers les particuliers&nbsp;donne la possibilit\u00e9&nbsp;d&rsquo;observer le&nbsp;comportement&nbsp;des vari\u00e9t\u00e9s en fonction des lieux de plantation, et de crit\u00e8res li\u00e9s \u00e0 la p\u00e9dologie, \u00e0 l&rsquo;altitude, au climat, voire aux diff\u00e9rentes techniques de conduite. &nbsp;<\/p>\t\t\t\t\t\t\t\t<\/div>\n\t\t\t\t<\/div>\n\t\t\t\t<div class=\"elementor-element elementor-element-fa69953 elementor-widget elementor-widget-spacer\" data-id=\"fa69953\" data-element_type=\"widget\" data-widget_type=\"spacer.default\">\n\t\t\t\t<div class=\"elementor-widget-container\">\n\t\t\t\t\t\t\t<div class=\"elementor-spacer\">\n\t\t\t<div class=\"elementor-spacer-inner\"><\/div>\n\t\t<\/div>\n\t\t\t\t\t\t<\/div>\n\t\t\t\t<\/div>\n\t\t\t\t<div class=\"elementor-element elementor-element-4d0ce0c elementor-widget elementor-widget-heading\" data-id=\"4d0ce0c\" data-element_type=\"widget\" data-widget_type=\"heading.default\">\n\t\t\t\t<div class=\"elementor-widget-container\">\n\t\t\t\t\t<h2 class=\"elementor-heading-title elementor-size-default\"><font color=\"#515151\" size=\"5\"><span>Participer au 'faire-savoir'...<\/span><\/font><\/h2>\t\t\t\t<\/div>\n\t\t\t\t<\/div>\n\t\t\t\t<div class=\"elementor-element elementor-element-b75de97 elementor-widget elementor-widget-text-editor\" data-id=\"b75de97\" data-element_type=\"widget\" data-widget_type=\"text-editor.default\">\n\t\t\t\t<div class=\"elementor-widget-container\">\n\t\t\t\t\t\t\t\t\t<div>\u00a0<span style=\"font-size: 24px;\">Conna\u00eetre le nom et les caract\u00e9ristiques de l&rsquo;arbre fruitier de son jardin \u00a0favorise les conversations vers l&rsquo;entourage.\u00a0<\/span><span style=\"font-size: 24px;\">Cela donne \u00e0 chacun l&rsquo;occasion de transmettre autour de lui des connaissances initi\u00e9es par Vergers de Loz\u00e8re. Il est alors possible de s&rsquo;appuyer\u00a0<\/span><span style=\"font-size: 24px;\">sur les supports mis \u00e0 disposition par l&rsquo;association et contribuer \u00e0 la diffusion des informations.<\/span><\/div><div>Chacun peut participer, qu&rsquo;il soit propri\u00e9taire d&rsquo;un arbre ou de cent, d\u00e8s lors qu&rsquo;il s&rsquo;inscrit dans la d\u00e9marche en signant la charte du &lsquo;verger \u00e9clat\u00e9&rsquo;.<span style=\"font-size: 24px;\">\u00a0<\/span><\/div>\t\t\t\t\t\t\t\t<\/div>\n\t\t\t\t<\/div>\n\t\t\t\t<div class=\"elementor-element elementor-element-62f2f88 elementor-widget elementor-widget-spacer\" data-id=\"62f2f88\" data-element_type=\"widget\" data-widget_type=\"spacer.default\">\n\t\t\t\t<div class=\"elementor-widget-container\">\n\t\t\t\t\t\t\t<div class=\"elementor-spacer\">\n\t\t\t<div class=\"elementor-spacer-inner\"><\/div>\n\t\t<\/div>\n\t\t\t\t\t\t<\/div>\n\t\t\t\t<\/div>\n\t\t\t\t<div class=\"elementor-element elementor-element-b294c55 elementor-widget elementor-widget-image\" data-id=\"b294c55\" data-element_type=\"widget\" data-widget_type=\"image.default\">\n\t\t\t\t<div class=\"elementor-widget-container\">\n\t\t\t\t\t\t\t\t\t\t\t\t<figure class=\"wp-caption\">\n\t\t\t\t\t\t\t\t\t\t<img fetchpriority=\"high\" decoding=\"async\" width=\"1024\" height=\"681\" src=\"https:\/\/vergersdelozere.net\/wp-content\/uploads\/2021\/01\/Jardin_au_Pouget_sur_le_Mont_Lozere_Verger-a-Rampon\u00a9Gregoire_Guy_PNC_1100x732-72-1024x681.jpg\" class=\"attachment-large size-large wp-image-2675\" alt=\"\" srcset=\"https:\/\/vergersdelozere.net\/wp-content\/uploads\/2021\/01\/Jardin_au_Pouget_sur_le_Mont_Lozere_Verger-a-Rampon\u00a9Gregoire_Guy_PNC_1100x732-72-1024x681.jpg 1024w, https:\/\/vergersdelozere.net\/wp-content\/uploads\/2021\/01\/Jardin_au_Pouget_sur_le_Mont_Lozere_Verger-a-Rampon\u00a9Gregoire_Guy_PNC_1100x732-72-300x200.jpg 300w, https:\/\/vergersdelozere.net\/wp-content\/uploads\/2021\/01\/Jardin_au_Pouget_sur_le_Mont_Lozere_Verger-a-Rampon\u00a9Gregoire_Guy_PNC_1100x732-72-768x511.jpg 768w, https:\/\/vergersdelozere.net\/wp-content\/uploads\/2021\/01\/Jardin_au_Pouget_sur_le_Mont_Lozere_Verger-a-Rampon\u00a9Gregoire_Guy_PNC_1100x732-72.jpg 1100w\" sizes=\"(max-width: 1024px) 100vw, 1024px\" \/>\t\t\t\t\t\t\t\t\t\t\t<figcaption class=\"widget-image-caption wp-caption-text\">Voyez-vous le vieil arbre sur la terrasse en arri\u00e8re plan ? C'est peut-\u00eatre lui que Vergers de Loz\u00e8re recherche...<\/figcaption>\n\t\t\t\t\t\t\t\t\t\t<\/figure>\n\t\t\t\t\t\t\t\t\t<\/div>\n\t\t\t\t<\/div>\n\t\t\t\t<div class=\"elementor-element elementor-element-4ed23ae elementor-widget elementor-widget-spacer\" data-id=\"4ed23ae\" data-element_type=\"widget\" data-widget_type=\"spacer.default\">\n\t\t\t\t<div class=\"elementor-widget-container\">\n\t\t\t\t\t\t\t<div class=\"elementor-spacer\">\n\t\t\t<div class=\"elementor-spacer-inner\"><\/div>\n\t\t<\/div>\n\t\t\t\t\t\t<\/div>\n\t\t\t\t<\/div>\n\t\t\t\t<div class=\"elementor-element elementor-element-866ac79 elementor-widget elementor-widget-text-editor\" data-id=\"866ac79\" data-element_type=\"widget\" data-widget_type=\"text-editor.default\">\n\t\t\t\t<div class=\"elementor-widget-container\">\n\t\t\t\t\t\t\t\t\t<p><span style=\"font-family: 'EB Garamond'; font-size: 24px; font-style: normal; font-variant-caps: normal;\">Vergers de Loz\u00e8re a recens\u00e9 pas moins de 125 vari\u00e9t\u00e9s de ch\u00e2taignes, 80 de pommes, 36 de poires, 35 de raisins, 23 de prunes, 9 de cerises.\u00a0<\/span><\/p>\t\t\t\t\t\t\t\t<\/div>\n\t\t\t\t<\/div>\n\t\t\t\t<div class=\"elementor-element elementor-element-984640f elementor-widget-divider--view-line elementor-widget elementor-widget-divider\" data-id=\"984640f\" data-element_type=\"widget\" data-widget_type=\"divider.default\">\n\t\t\t\t<div class=\"elementor-widget-container\">\n\t\t\t\t\t\t\t<div class=\"elementor-divider\">\n\t\t\t<span class=\"elementor-divider-separator\">\n\t\t\t\t\t\t<\/span>\n\t\t<\/div>\n\t\t\t\t\t\t<\/div>\n\t\t\t\t<\/div>\n\t\t\t\t<div class=\"elementor-element elementor-element-0855366 elementor-widget elementor-widget-text-editor\" data-id=\"0855366\" data-element_type=\"widget\" data-widget_type=\"text-editor.default\">\n\t\t\t\t<div class=\"elementor-widget-container\">\n\t\t\t\t\t\t\t\t\t<p><a href=\"https:\/\/vergersdelozere.net\/wp-content\/uploads\/2020\/12\/VdL_Charte_verger_eclate.pdf\" target=\"_blank\" rel=\"noopener\">La charte du Verger \u00e9clat\u00e9<\/a>, en pdf.<\/p>\t\t\t\t\t\t\t\t<\/div>\n\t\t\t\t<\/div>\n\t\t\t\t\t<\/div>\n\t\t<\/div>\n\t\t\t\t\t<\/div>\n\t\t<\/section>\n\t\t\t\t<\/div>\n\t\t","protected":false},"excerpt":{"rendered":"<p>La plupart des vergers de production regroupent peu d&rsquo;esp\u00e8ces et de vari\u00e9t\u00e9s, tandis que l&rsquo;ensemble des jardins et vergers d&rsquo;agr\u00e9ment proposent une diversit\u00e9 remarquable.&nbsp;L&rsquo;association n&rsquo;est pas propri\u00e9taire foncier et ne poss\u00e8de pas de verger de sauvegarde, &nbsp;\u00e0 proprement parler.&nbsp;C\u2019est dans ses partenariats qu\u2019elle r\u00e9alise&nbsp;ses&nbsp;objectifs,&nbsp;dont le&nbsp;verger \u00e9clat\u00e9&nbsp;est un dispositif de premier ordre. De quoi s&rsquo;agit-il ? [&hellip;]<\/p>\n","protected":false},"author":1,"featured_media":0,"parent":0,"menu_order":0,"comment_status":"closed","ping_status":"closed","template":"","meta":{"_acf_changed":false,"ocean_post_layout":"","ocean_both_sidebars_style":"","ocean_both_sidebars_content_width":0,"ocean_both_sidebars_sidebars_width":0,"ocean_sidebar":"","ocean_second_sidebar":"","ocean_disable_margins":"enable","ocean_add_body_class":"","ocean_shortcode_before_top_bar":"","ocean_shortcode_after_top_bar":"","ocean_shortcode_before_header":"","ocean_shortcode_after_header":"","ocean_has_shortcode":"","ocean_shortcode_after_title":"","ocean_shortcode_before_footer_widgets":"","ocean_shortcode_after_footer_widgets":"","ocean_shortcode_before_footer_bottom":"","ocean_shortcode_after_footer_bottom":"","ocean_display_top_bar":"default","ocean_display_header":"default","ocean_header_style":"","ocean_center_header_left_menu":"","ocean_custom_header_template":"","ocean_custom_logo":0,"ocean_custom_retina_logo":0,"ocean_custom_logo_max_width":0,"ocean_custom_logo_tablet_max_width":0,"ocean_custom_logo_mobile_max_width":0,"ocean_custom_logo_max_height":0,"ocean_custom_logo_tablet_max_height":0,"ocean_custom_logo_mobile_max_height":0,"ocean_header_custom_menu":"","ocean_menu_typo_font_family":"","ocean_menu_typo_font_subset":"","ocean_menu_typo_font_size":0,"ocean_menu_typo_font_size_tablet":0,"ocean_menu_typo_font_size_mobile":0,"ocean_menu_typo_font_size_unit":"px","ocean_menu_typo_font_weight":"","ocean_menu_typo_font_weight_tablet":"","ocean_menu_typo_font_weight_mobile":"","ocean_menu_typo_transform":"","ocean_menu_typo_transform_tablet":"","ocean_menu_typo_transform_mobile":"","ocean_menu_typo_line_height":0,"ocean_menu_typo_line_height_tablet":0,"ocean_menu_typo_line_height_mobile":0,"ocean_menu_typo_line_height_unit":"","ocean_menu_typo_spacing":0,"ocean_menu_typo_spacing_tablet":0,"ocean_menu_typo_spacing_mobile":0,"ocean_menu_typo_spacing_unit":"","ocean_menu_link_color":"","ocean_menu_link_color_hover":"","ocean_menu_link_color_active":"","ocean_menu_link_background":"","ocean_menu_link_hover_background":"","ocean_menu_link_active_background":"","ocean_menu_social_links_bg":"","ocean_menu_social_hover_links_bg":"","ocean_menu_social_links_color":"","ocean_menu_social_hover_links_color":"","ocean_disable_title":"default","ocean_disable_heading":"default","ocean_post_title":"","ocean_post_subheading":"","ocean_post_title_style":"","ocean_post_title_background_color":"","ocean_post_title_background":0,"ocean_post_title_bg_image_position":"","ocean_post_title_bg_image_attachment":"","ocean_post_title_bg_image_repeat":"","ocean_post_title_bg_image_size":"","ocean_post_title_height":0,"ocean_post_title_bg_overlay":0.5,"ocean_post_title_bg_overlay_color":"","ocean_disable_breadcrumbs":"default","ocean_breadcrumbs_color":"","ocean_breadcrumbs_separator_color":"","ocean_breadcrumbs_links_color":"","ocean_breadcrumbs_links_hover_color":"","ocean_display_footer_widgets":"default","ocean_display_footer_bottom":"default","ocean_custom_footer_template":"","footnotes":""},"class_list":["post-2627","page","type-page","status-publish","hentry","entry"],"acf":[],"_links":{"self":[{"href":"https:\/\/vergersdelozere.net\/index.php\/wp-json\/wp\/v2\/pages\/2627"}],"collection":[{"href":"https:\/\/vergersdelozere.net\/index.php\/wp-json\/wp\/v2\/pages"}],"about":[{"href":"https:\/\/vergersdelozere.net\/index.php\/wp-json\/wp\/v2\/types\/page"}],"author":[{"embeddable":true,"href":"https:\/\/vergersdelozere.net\/index.php\/wp-json\/wp\/v2\/users\/1"}],"replies":[{"embeddable":true,"href":"https:\/\/vergersdelozere.net\/index.php\/wp-json\/wp\/v2\/comments?post=2627"}],"version-history":[{"count":25,"href":"https:\/\/vergersdelozere.net\/index.php\/wp-json\/wp\/v2\/pages\/2627\/revisions"}],"predecessor-version":[{"id":2679,"href":"https:\/\/vergersdelozere.net\/index.php\/wp-json\/wp\/v2\/pages\/2627\/revisions\/2679"}],"wp:attachment":[{"href":"https:\/\/vergersdelozere.net\/index.php\/wp-json\/wp\/v2\/media?parent=2627"}],"curies":[{"name":"wp","href":"https:\/\/api.w.org\/{rel}","templated":true}]}}