{"id":21,"date":"2020-09-17T15:40:24","date_gmt":"2020-09-17T13:40:24","guid":{"rendered":"https:\/\/vergersdelozere.net\/?page_id=21"},"modified":"2021-03-24T07:56:34","modified_gmt":"2021-03-24T06:56:34","slug":"association","status":"publish","type":"page","link":"https:\/\/vergersdelozere.net\/index.php\/association\/","title":{"rendered":"ASSOCIATION"},"content":{"rendered":"\t\t<div data-elementor-type=\"wp-page\" data-elementor-id=\"21\" class=\"elementor elementor-21\" data-elementor-post-type=\"page\">\n\t\t\t\t\t\t<section class=\"elementor-section elementor-top-section elementor-element elementor-element-63220c4 elementor-section-boxed elementor-section-height-default elementor-section-height-default\" data-id=\"63220c4\" data-element_type=\"section\">\n\t\t\t\t\t\t<div class=\"elementor-container elementor-column-gap-default\">\n\t\t\t\t\t<div class=\"elementor-column elementor-col-100 elementor-top-column elementor-element elementor-element-5338a7f3\" data-id=\"5338a7f3\" data-element_type=\"column\">\n\t\t\t<div class=\"elementor-widget-wrap elementor-element-populated\">\n\t\t\t\t\t\t<div class=\"elementor-element elementor-element-540b7d5d elementor-widget elementor-widget-text-editor\" data-id=\"540b7d5d\" data-element_type=\"widget\" data-widget_type=\"text-editor.default\">\n\t\t\t\t<div class=\"elementor-widget-container\">\n\t\t\t\t\t\t\t\t\t<p style=\"text-align: center;\"><strong>Vergers de Loz\u00e8re<\/strong> est une association (loi 1901)\u00a0<\/p><p style=\"text-align: center;\">cr\u00e9\u00e9e \u00e0 St Laurent de Tr\u00e8ves le 11 d\u00e9cembre 2011.<\/p>\t\t\t\t\t\t\t\t<\/div>\n\t\t\t\t<\/div>\n\t\t\t\t<div class=\"elementor-element elementor-element-1d96a6b elementor-widget elementor-widget-spacer\" data-id=\"1d96a6b\" data-element_type=\"widget\" data-widget_type=\"spacer.default\">\n\t\t\t\t<div class=\"elementor-widget-container\">\n\t\t\t\t\t\t\t<div class=\"elementor-spacer\">\n\t\t\t<div class=\"elementor-spacer-inner\"><\/div>\n\t\t<\/div>\n\t\t\t\t\t\t<\/div>\n\t\t\t\t<\/div>\n\t\t\t\t<div class=\"elementor-element elementor-element-b9eddae elementor-widget elementor-widget-text-editor\" data-id=\"b9eddae\" data-element_type=\"widget\" data-widget_type=\"text-editor.default\">\n\t\t\t\t<div class=\"elementor-widget-container\">\n\t\t\t\t\t\t\t\t\t<p style=\"text-align: center;\">\u00a0<\/p><div style=\"caret-color: #000000; color: #000000; font-style: normal; font-variant-caps: normal;\"><div style=\"text-align: center;\">Si\u00e8ge social :\u00a0<span style=\"font-size: 24px;\">Chez M. &amp; Mme Rauzier<\/span><\/div><div style=\"text-align: center;\">St Laurent de Tr\u00e8ves<\/div><\/div><p style=\"text-align: center;\"><span style=\"caret-color: #000000; color: #000000; font-size: 20px; font-style: normal; font-variant-caps: normal;\">48400 Cans &amp; C\u00e9vennes<\/span><\/p><p style=\"text-align: center;\"><span style=\"caret-color: #000000; color: #000000; font-size: 20px; font-style: normal; font-variant-caps: normal;\">\u00a0<\/span><\/p><p style=\"text-align: center;\">SIREN : 799 147 384 00017<\/p>\t\t\t\t\t\t\t\t<\/div>\n\t\t\t\t<\/div>\n\t\t\t\t<div class=\"elementor-element elementor-element-e5a38f7 elementor-widget-divider--view-line elementor-widget elementor-widget-divider\" data-id=\"e5a38f7\" data-element_type=\"widget\" data-widget_type=\"divider.default\">\n\t\t\t\t<div class=\"elementor-widget-container\">\n\t\t\t\t\t\t\t<div class=\"elementor-divider\">\n\t\t\t<span class=\"elementor-divider-separator\">\n\t\t\t\t\t\t<\/span>\n\t\t<\/div>\n\t\t\t\t\t\t<\/div>\n\t\t\t\t<\/div>\n\t\t\t\t<div class=\"elementor-element elementor-element-736956e elementor-widget elementor-widget-text-editor\" data-id=\"736956e\" data-element_type=\"widget\" data-widget_type=\"text-editor.default\">\n\t\t\t\t<div class=\"elementor-widget-container\">\n\t\t\t\t\t\t\t\t\t<p><a href=\"mailto:vergersdelozere@gmail.com\">vergersdelozere@gmail.com<\/a><\/p><p>FB :\u00a0www.facebook.com\/VdL48<\/p><p>www.vergersdelozere.net<\/p>\t\t\t\t\t\t\t\t<\/div>\n\t\t\t\t<\/div>\n\t\t\t\t<div class=\"elementor-element elementor-element-19483ed elementor-widget elementor-widget-spacer\" data-id=\"19483ed\" data-element_type=\"widget\" data-widget_type=\"spacer.default\">\n\t\t\t\t<div class=\"elementor-widget-container\">\n\t\t\t\t\t\t\t<div class=\"elementor-spacer\">\n\t\t\t<div class=\"elementor-spacer-inner\"><\/div>\n\t\t<\/div>\n\t\t\t\t\t\t<\/div>\n\t\t\t\t<\/div>\n\t\t\t\t<div class=\"elementor-element elementor-element-6c1202c elementor-widget elementor-widget-heading\" data-id=\"6c1202c\" data-element_type=\"widget\" data-widget_type=\"heading.default\">\n\t\t\t\t<div class=\"elementor-widget-container\">\n\t\t\t\t\t<h3 class=\"elementor-heading-title elementor-size-default\">Droit \u00e0 l'image<\/h3>\t\t\t\t<\/div>\n\t\t\t\t<\/div>\n\t\t\t\t<div class=\"elementor-element elementor-element-471a0fe elementor-widget elementor-widget-text-editor\" data-id=\"471a0fe\" data-element_type=\"widget\" data-widget_type=\"text-editor.default\">\n\t\t\t\t<div class=\"elementor-widget-container\">\n\t\t\t\t\t\t\t\t\t<p><span style=\"font-size: 18px;\"><b>Vergers de Loz\u00e8re<\/b> propose des animations publiques qu&rsquo;elle relate au moyen de photographies. Si vous vous reconnaissez sur l&rsquo;une des photos, et que vous souhaitez ne pas appara\u00eetre, nous vous prions de le signaler par courriel \u00e0 :&nbsp;<\/span><span style=\"font-size: medium; caret-color: rgb(0, 0, 0); color: rgb(0, 0, 0); font-family: -webkit-standard; font-style: normal; font-variant-caps: normal;\"><a style=\"font-size: 18px;\" href=\"mailto:vergersdelozere@gmail.com\" target=\"_blank\" rel=\"noopener\">vergersdelozere@gmail.com<\/a>&nbsp;.<\/span><\/p>\t\t\t\t\t\t\t\t<\/div>\n\t\t\t\t<\/div>\n\t\t\t\t<div class=\"elementor-element elementor-element-5d7075b elementor-widget elementor-widget-image\" data-id=\"5d7075b\" data-element_type=\"widget\" data-widget_type=\"image.default\">\n\t\t\t\t<div class=\"elementor-widget-container\">\n\t\t\t\t\t\t\t\t\t\t\t\t\t\t\t<img fetchpriority=\"high\" decoding=\"async\" width=\"1024\" height=\"768\" src=\"https:\/\/vergersdelozere.net\/wp-content\/uploads\/2020\/11\/VdL20200826_AD_184144-1024x768.jpg\" class=\"attachment-large size-large wp-image-1212\" alt=\"\" srcset=\"https:\/\/vergersdelozere.net\/wp-content\/uploads\/2020\/11\/VdL20200826_AD_184144-1024x768.jpg 1024w, https:\/\/vergersdelozere.net\/wp-content\/uploads\/2020\/11\/VdL20200826_AD_184144-300x225.jpg 300w, https:\/\/vergersdelozere.net\/wp-content\/uploads\/2020\/11\/VdL20200826_AD_184144-768x576.jpg 768w, https:\/\/vergersdelozere.net\/wp-content\/uploads\/2020\/11\/VdL20200826_AD_184144.jpg 1100w\" sizes=\"(max-width: 1024px) 100vw, 1024px\" \/>\t\t\t\t\t\t\t\t\t\t\t\t\t\t\t<\/div>\n\t\t\t\t<\/div>\n\t\t\t\t\t<\/div>\n\t\t<\/div>\n\t\t\t\t\t<\/div>\n\t\t<\/section>\n\t\t\t\t<\/div>\n\t\t","protected":false},"excerpt":{"rendered":"<p>Vergers de Loz\u00e8re est une association (loi 1901)\u00a0 cr\u00e9\u00e9e \u00e0 St Laurent de Tr\u00e8ves le 11 d\u00e9cembre 2011. \u00a0 Si\u00e8ge social :\u00a0Chez M. &amp; Mme RauzierSt Laurent de Tr\u00e8ves 48400 Cans &amp; C\u00e9vennes \u00a0 SIREN : 799 147 384 00017 vergersdelozere@gmail.com FB :\u00a0www.facebook.com\/VdL48 www.vergersdelozere.net Droit \u00e0 l&rsquo;image Vergers de Loz\u00e8re propose des animations publiques qu&rsquo;elle [&hellip;]<\/p>\n","protected":false},"author":1,"featured_media":0,"parent":0,"menu_order":0,"comment_status":"closed","ping_status":"closed","template":"","meta":{"_acf_changed":false,"ocean_post_layout":"","ocean_both_sidebars_style":"","ocean_both_sidebars_content_width":0,"ocean_both_sidebars_sidebars_width":0,"ocean_sidebar":"","ocean_second_sidebar":"","ocean_disable_margins":"enable","ocean_add_body_class":"","ocean_shortcode_before_top_bar":"","ocean_shortcode_after_top_bar":"","ocean_shortcode_before_header":"","ocean_shortcode_after_header":"","ocean_has_shortcode":"","ocean_shortcode_after_title":"","ocean_shortcode_before_footer_widgets":"","ocean_shortcode_after_footer_widgets":"","ocean_shortcode_before_footer_bottom":"","ocean_shortcode_after_footer_bottom":"","ocean_display_top_bar":"default","ocean_display_header":"default","ocean_header_style":"","ocean_center_header_left_menu":"","ocean_custom_header_template":"","ocean_custom_logo":0,"ocean_custom_retina_logo":0,"ocean_custom_logo_max_width":0,"ocean_custom_logo_tablet_max_width":0,"ocean_custom_logo_mobile_max_width":0,"ocean_custom_logo_max_height":0,"ocean_custom_logo_tablet_max_height":0,"ocean_custom_logo_mobile_max_height":0,"ocean_header_custom_menu":"","ocean_menu_typo_font_family":"","ocean_menu_typo_font_subset":"","ocean_menu_typo_font_size":0,"ocean_menu_typo_font_size_tablet":0,"ocean_menu_typo_font_size_mobile":0,"ocean_menu_typo_font_size_unit":"px","ocean_menu_typo_font_weight":"","ocean_menu_typo_font_weight_tablet":"","ocean_menu_typo_font_weight_mobile":"","ocean_menu_typo_transform":"","ocean_menu_typo_transform_tablet":"","ocean_menu_typo_transform_mobile":"","ocean_menu_typo_line_height":0,"ocean_menu_typo_line_height_tablet":0,"ocean_menu_typo_line_height_mobile":0,"ocean_menu_typo_line_height_unit":"","ocean_menu_typo_spacing":0,"ocean_menu_typo_spacing_tablet":0,"ocean_menu_typo_spacing_mobile":0,"ocean_menu_typo_spacing_unit":"","ocean_menu_link_color":"","ocean_menu_link_color_hover":"","ocean_menu_link_color_active":"","ocean_menu_link_background":"","ocean_menu_link_hover_background":"","ocean_menu_link_active_background":"","ocean_menu_social_links_bg":"","ocean_menu_social_hover_links_bg":"","ocean_menu_social_links_color":"","ocean_menu_social_hover_links_color":"","ocean_disable_title":"default","ocean_disable_heading":"default","ocean_post_title":"","ocean_post_subheading":"","ocean_post_title_style":"","ocean_post_title_background_color":"","ocean_post_title_background":0,"ocean_post_title_bg_image_position":"","ocean_post_title_bg_image_attachment":"","ocean_post_title_bg_image_repeat":"","ocean_post_title_bg_image_size":"","ocean_post_title_height":0,"ocean_post_title_bg_overlay":0.5,"ocean_post_title_bg_overlay_color":"","ocean_disable_breadcrumbs":"default","ocean_breadcrumbs_color":"","ocean_breadcrumbs_separator_color":"","ocean_breadcrumbs_links_color":"","ocean_breadcrumbs_links_hover_color":"","ocean_display_footer_widgets":"default","ocean_display_footer_bottom":"default","ocean_custom_footer_template":"","footnotes":""},"class_list":["post-21","page","type-page","status-publish","hentry","entry"],"acf":[],"_links":{"self":[{"href":"https:\/\/vergersdelozere.net\/index.php\/wp-json\/wp\/v2\/pages\/21"}],"collection":[{"href":"https:\/\/vergersdelozere.net\/index.php\/wp-json\/wp\/v2\/pages"}],"about":[{"href":"https:\/\/vergersdelozere.net\/index.php\/wp-json\/wp\/v2\/types\/page"}],"author":[{"embeddable":true,"href":"https:\/\/vergersdelozere.net\/index.php\/wp-json\/wp\/v2\/users\/1"}],"replies":[{"embeddable":true,"href":"https:\/\/vergersdelozere.net\/index.php\/wp-json\/wp\/v2\/comments?post=21"}],"version-history":[{"count":76,"href":"https:\/\/vergersdelozere.net\/index.php\/wp-json\/wp\/v2\/pages\/21\/revisions"}],"predecessor-version":[{"id":3757,"href":"https:\/\/vergersdelozere.net\/index.php\/wp-json\/wp\/v2\/pages\/21\/revisions\/3757"}],"wp:attachment":[{"href":"https:\/\/vergersdelozere.net\/index.php\/wp-json\/wp\/v2\/media?parent=21"}],"curies":[{"name":"wp","href":"https:\/\/api.w.org\/{rel}","templated":true}]}}