{"id":150,"date":"2020-09-20T18:11:23","date_gmt":"2020-09-20T16:11:23","guid":{"rendered":"https:\/\/vergersdelozere.net\/?page_id=150"},"modified":"2020-12-29T08:07:36","modified_gmt":"2020-12-29T07:07:36","slug":"objectifs","status":"publish","type":"page","link":"https:\/\/vergersdelozere.net\/index.php\/objectifs\/","title":{"rendered":"Objectifs"},"content":{"rendered":"\t\t<div data-elementor-type=\"wp-page\" data-elementor-id=\"150\" class=\"elementor elementor-150\" data-elementor-post-type=\"page\">\n\t\t\t\t\t\t<section class=\"elementor-section elementor-top-section elementor-element elementor-element-5bf86e5 elementor-section-boxed elementor-section-height-default elementor-section-height-default\" data-id=\"5bf86e5\" data-element_type=\"section\">\n\t\t\t\t\t\t<div class=\"elementor-container elementor-column-gap-default\">\n\t\t\t\t\t<div class=\"elementor-column elementor-col-100 elementor-top-column elementor-element elementor-element-93744a6\" data-id=\"93744a6\" data-element_type=\"column\">\n\t\t\t<div class=\"elementor-widget-wrap elementor-element-populated\">\n\t\t\t\t\t\t<div class=\"elementor-element elementor-element-a8a0fb8 elementor-widget elementor-widget-text-editor\" data-id=\"a8a0fb8\" data-element_type=\"widget\" data-widget_type=\"text-editor.default\">\n\t\t\t\t<div class=\"elementor-widget-container\">\n\t\t\t\t\t\t\t\t\t<p>Inventorier, sauvegarder, valoriser, promouvoir et diffuser le patrimoine fruitier loz\u00e9rien et les savoir-faire traditionnels inh\u00e9rents.<\/p>\t\t\t\t\t\t\t\t<\/div>\n\t\t\t\t<\/div>\n\t\t\t\t<div class=\"elementor-element elementor-element-3d8763c elementor-widget elementor-widget-heading\" data-id=\"3d8763c\" data-element_type=\"widget\" data-widget_type=\"heading.default\">\n\t\t\t\t<div class=\"elementor-widget-container\">\n\t\t\t\t\t<h2 class=\"elementor-heading-title elementor-size-default\">Activit\u00e9s<\/h2>\t\t\t\t<\/div>\n\t\t\t\t<\/div>\n\t\t\t\t<div class=\"elementor-element elementor-element-73fb7302 elementor-widget elementor-widget-text-editor\" data-id=\"73fb7302\" data-element_type=\"widget\" data-widget_type=\"text-editor.default\">\n\t\t\t\t<div class=\"elementor-widget-container\">\n\t\t\t\t\t\t\t\t\t<p><\/p>\n<p><\/p>\n<ul>\n<li>\n<p><span style=\"color: #808080;\">Prospection et recensement des vari\u00e9t\u00e9s fruiti\u00e8res de Loz\u00e8re<\/span><\/p>\n<\/li>\n<li>\n<p><span style=\"color: #808080;\">Fiches d\u2019identit\u00e9 fruiti\u00e8res, \u00e9dit\u00e9es par le\u00a0Centre National de Pomologie d\u2019Al\u00e8s.<\/span><\/p>\n<\/li>\n<li>\n<p><span style=\"color: #808080;\">Animation (tenue de stands)<\/span><\/p>\n<\/li>\n<li>\n<p><span style=\"color: #808080;\">Formation et conseil (techniques arboricoles durables, greffe, bourse aux greffons, stages\u2026)<\/span><\/p>\n<\/li>\n<li>\n<p><span style=\"color: #808080;\">Ateliers de taille et entretien des fruitiers<\/span><\/p>\n<\/li>\n<li>\n<p><span style=\"color: #808080;\">Identification de vari\u00e9t\u00e9s fruiti\u00e8re<\/span><\/p>\n<\/li>\n<li>\n<p><span style=\"color: #808080;\">Patrimoine immat\u00e9riel\u00a0: collecte et transmission de\u00a0traditions culinaires et savoir-faire<\/span><\/p>\n<\/li>\n<li>\n<p><span style=\"color: #808080;\">Pr\u00e9servation de paysages et de vergers divers\u00a0:\u00a0pr\u00e9-vergers de fauche et de p\u00e2ture, \u00e9levage pastoral, cultures sur terrasses de pierres s\u00e8ches\u2026\u00a0<\/span><\/p>\n<\/li>\n<li>\n<p><span style=\"color: #808080;\">Le verger \u00e9clat\u00e9 : des vari\u00e9t\u00e9s sont pr\u00e9serv\u00e9es chez des particuliers\u00a0<\/span><\/p>\n<\/li>\n<li>\n<p><strong><span style=\"color: #ffab1f;\"><a style=\"color: #ffab1f;\" href=\"http:\/\/vergersdelozere.net\/index.php\/le-verger-de-ventajols\/\">Le verger conservatoire de Ventajols<\/a><\/span><\/strong><\/p>\n<\/li>\n<li>\n<p><span style=\"color: #808080;\">Les vergers partenaires<\/span><\/p>\n<\/li>\n<\/ul>\n<p><span style=\"color: #808080;\"><\/span><\/p>\n<p>\u00a0<\/p>\n<p><\/p>\t\t\t\t\t\t\t\t<\/div>\n\t\t\t\t<\/div>\n\t\t\t\t<div class=\"elementor-element elementor-element-81a3467 elementor-widget elementor-widget-text-editor\" data-id=\"81a3467\" data-element_type=\"widget\" data-widget_type=\"text-editor.default\">\n\t\t\t\t<div class=\"elementor-widget-container\">\n\t\t\t\t\t\t\t\t\t<p>Interview 48FM (Sabine Rauzier, le 22 d\u00e9cembre 2020 &#8211; extrait) :<\/p>\n<p><!--[if lt IE 9]><script>document.createElement('audio');<\/script><![endif]-->\n<audio class=\"wp-audio-shortcode\" id=\"audio-150-1\" preload=\"none\" style=\"width: 100%;\" controls=\"controls\"><source type=\"audio\/mpeg\" src=\"https:\/\/vergersdelozere.net\/wp-content\/uploads\/2020\/12\/VdL48_20201222_Sabine_Rauzier_ITV48FM_2.mp3?_=1\" \/><a href=\"https:\/\/vergersdelozere.net\/wp-content\/uploads\/2020\/12\/VdL48_20201222_Sabine_Rauzier_ITV48FM_2.mp3\">https:\/\/vergersdelozere.net\/wp-content\/uploads\/2020\/12\/VdL48_20201222_Sabine_Rauzier_ITV48FM_2.mp3<\/a><\/audio><\/p>\t\t\t\t\t\t\t\t<\/div>\n\t\t\t\t<\/div>\n\t\t\t\t<div class=\"elementor-element elementor-element-8444055 elementor-widget elementor-widget-image\" data-id=\"8444055\" data-element_type=\"widget\" data-widget_type=\"image.default\">\n\t\t\t\t<div class=\"elementor-widget-container\">\n\t\t\t\t\t\t\t\t\t\t\t\t\t\t\t<img fetchpriority=\"high\" decoding=\"async\" width=\"1024\" height=\"768\" src=\"https:\/\/vergersdelozere.net\/wp-content\/uploads\/2020\/10\/VdL20200826_AD_184144-1024x768.jpg\" class=\"attachment-large size-large wp-image-555\" alt=\"\" srcset=\"https:\/\/vergersdelozere.net\/wp-content\/uploads\/2020\/10\/VdL20200826_AD_184144-1024x768.jpg 1024w, https:\/\/vergersdelozere.net\/wp-content\/uploads\/2020\/10\/VdL20200826_AD_184144-300x225.jpg 300w, https:\/\/vergersdelozere.net\/wp-content\/uploads\/2020\/10\/VdL20200826_AD_184144-768x576.jpg 768w, https:\/\/vergersdelozere.net\/wp-content\/uploads\/2020\/10\/VdL20200826_AD_184144-1536x1152.jpg 1536w, https:\/\/vergersdelozere.net\/wp-content\/uploads\/2020\/10\/VdL20200826_AD_184144-2048x1536.jpg 2048w\" sizes=\"(max-width: 1024px) 100vw, 1024px\" \/>\t\t\t\t\t\t\t\t\t\t\t\t\t\t\t<\/div>\n\t\t\t\t<\/div>\n\t\t\t\t<div class=\"elementor-element elementor-element-86744a8 elementor-widget-divider--view-line elementor-widget elementor-widget-divider\" data-id=\"86744a8\" data-element_type=\"widget\" data-widget_type=\"divider.default\">\n\t\t\t\t<div class=\"elementor-widget-container\">\n\t\t\t\t\t\t\t<div class=\"elementor-divider\">\n\t\t\t<span class=\"elementor-divider-separator\">\n\t\t\t\t\t\t<\/span>\n\t\t<\/div>\n\t\t\t\t\t\t<\/div>\n\t\t\t\t<\/div>\n\t\t\t\t<div class=\"elementor-element elementor-element-537c640 elementor-widget elementor-widget-text-editor\" data-id=\"537c640\" data-element_type=\"widget\" data-widget_type=\"text-editor.default\">\n\t\t\t\t<div class=\"elementor-widget-container\">\n\t\t\t\t\t\t\t\t\t<p style=\"text-align: center;\">Vergers de Loz\u00e8re pr\u00f4ne des pratiques respectueuses de l\u2019environnement et de la biodiversit\u00e9.<\/p>\t\t\t\t\t\t\t\t<\/div>\n\t\t\t\t<\/div>\n\t\t\t\t\t<\/div>\n\t\t<\/div>\n\t\t\t\t\t<\/div>\n\t\t<\/section>\n\t\t\t\t<\/div>\n\t\t","protected":false},"excerpt":{"rendered":"<p>Inventorier, sauvegarder, valoriser, promouvoir et diffuser le patrimoine fruitier loz\u00e9rien et les savoir-faire traditionnels inh\u00e9rents. Activit\u00e9s Prospection et recensement des vari\u00e9t\u00e9s fruiti\u00e8res de Loz\u00e8re Fiches d\u2019identit\u00e9 fruiti\u00e8res, \u00e9dit\u00e9es par le\u00a0Centre National de Pomologie d\u2019Al\u00e8s. Animation (tenue de stands) Formation et conseil (techniques arboricoles durables, greffe, bourse aux greffons, stages\u2026) Ateliers de taille et entretien des [&hellip;]<\/p>\n","protected":false},"author":1,"featured_media":0,"parent":0,"menu_order":0,"comment_status":"closed","ping_status":"closed","template":"","meta":{"_acf_changed":false,"ocean_post_layout":"","ocean_both_sidebars_style":"","ocean_both_sidebars_content_width":0,"ocean_both_sidebars_sidebars_width":0,"ocean_sidebar":"","ocean_second_sidebar":"","ocean_disable_margins":"enable","ocean_add_body_class":"","ocean_shortcode_before_top_bar":"","ocean_shortcode_after_top_bar":"","ocean_shortcode_before_header":"","ocean_shortcode_after_header":"","ocean_has_shortcode":"","ocean_shortcode_after_title":"","ocean_shortcode_before_footer_widgets":"","ocean_shortcode_after_footer_widgets":"","ocean_shortcode_before_footer_bottom":"","ocean_shortcode_after_footer_bottom":"","ocean_display_top_bar":"default","ocean_display_header":"default","ocean_header_style":"","ocean_center_header_left_menu":"","ocean_custom_header_template":"","ocean_custom_logo":0,"ocean_custom_retina_logo":0,"ocean_custom_logo_max_width":0,"ocean_custom_logo_tablet_max_width":0,"ocean_custom_logo_mobile_max_width":0,"ocean_custom_logo_max_height":0,"ocean_custom_logo_tablet_max_height":0,"ocean_custom_logo_mobile_max_height":0,"ocean_header_custom_menu":"","ocean_menu_typo_font_family":"","ocean_menu_typo_font_subset":"","ocean_menu_typo_font_size":0,"ocean_menu_typo_font_size_tablet":0,"ocean_menu_typo_font_size_mobile":0,"ocean_menu_typo_font_size_unit":"px","ocean_menu_typo_font_weight":"","ocean_menu_typo_font_weight_tablet":"","ocean_menu_typo_font_weight_mobile":"","ocean_menu_typo_transform":"","ocean_menu_typo_transform_tablet":"","ocean_menu_typo_transform_mobile":"","ocean_menu_typo_line_height":0,"ocean_menu_typo_line_height_tablet":0,"ocean_menu_typo_line_height_mobile":0,"ocean_menu_typo_line_height_unit":"","ocean_menu_typo_spacing":0,"ocean_menu_typo_spacing_tablet":0,"ocean_menu_typo_spacing_mobile":0,"ocean_menu_typo_spacing_unit":"","ocean_menu_link_color":"","ocean_menu_link_color_hover":"","ocean_menu_link_color_active":"","ocean_menu_link_background":"","ocean_menu_link_hover_background":"","ocean_menu_link_active_background":"","ocean_menu_social_links_bg":"","ocean_menu_social_hover_links_bg":"","ocean_menu_social_links_color":"","ocean_menu_social_hover_links_color":"","ocean_disable_title":"default","ocean_disable_heading":"default","ocean_post_title":"","ocean_post_subheading":"","ocean_post_title_style":"","ocean_post_title_background_color":"","ocean_post_title_background":0,"ocean_post_title_bg_image_position":"","ocean_post_title_bg_image_attachment":"","ocean_post_title_bg_image_repeat":"","ocean_post_title_bg_image_size":"","ocean_post_title_height":0,"ocean_post_title_bg_overlay":0.5,"ocean_post_title_bg_overlay_color":"","ocean_disable_breadcrumbs":"default","ocean_breadcrumbs_color":"","ocean_breadcrumbs_separator_color":"","ocean_breadcrumbs_links_color":"","ocean_breadcrumbs_links_hover_color":"","ocean_display_footer_widgets":"default","ocean_display_footer_bottom":"default","ocean_custom_footer_template":"","footnotes":""},"class_list":["post-150","page","type-page","status-publish","hentry","entry"],"acf":[],"_links":{"self":[{"href":"https:\/\/vergersdelozere.net\/index.php\/wp-json\/wp\/v2\/pages\/150"}],"collection":[{"href":"https:\/\/vergersdelozere.net\/index.php\/wp-json\/wp\/v2\/pages"}],"about":[{"href":"https:\/\/vergersdelozere.net\/index.php\/wp-json\/wp\/v2\/types\/page"}],"author":[{"embeddable":true,"href":"https:\/\/vergersdelozere.net\/index.php\/wp-json\/wp\/v2\/users\/1"}],"replies":[{"embeddable":true,"href":"https:\/\/vergersdelozere.net\/index.php\/wp-json\/wp\/v2\/comments?post=150"}],"version-history":[{"count":72,"href":"https:\/\/vergersdelozere.net\/index.php\/wp-json\/wp\/v2\/pages\/150\/revisions"}],"predecessor-version":[{"id":2623,"href":"https:\/\/vergersdelozere.net\/index.php\/wp-json\/wp\/v2\/pages\/150\/revisions\/2623"}],"wp:attachment":[{"href":"https:\/\/vergersdelozere.net\/index.php\/wp-json\/wp\/v2\/media?parent=150"}],"curies":[{"name":"wp","href":"https:\/\/api.w.org\/{rel}","templated":true}]}}