{"id":145,"date":"2020-09-20T17:57:59","date_gmt":"2020-09-20T15:57:59","guid":{"rendered":"https:\/\/vergersdelozere.net\/?page_id=145"},"modified":"2026-03-05T09:14:52","modified_gmt":"2026-03-05T08:14:52","slug":"conseil-dadministration","status":"publish","type":"page","link":"https:\/\/vergersdelozere.net\/index.php\/conseil-dadministration\/","title":{"rendered":"Conseil d&rsquo;Administration"},"content":{"rendered":"\t\t<div data-elementor-type=\"wp-page\" data-elementor-id=\"145\" class=\"elementor elementor-145\" data-elementor-post-type=\"page\">\n\t\t\t\t\t\t<section class=\"elementor-section elementor-top-section elementor-element elementor-element-81c9b15 elementor-section-boxed elementor-section-height-default elementor-section-height-default\" data-id=\"81c9b15\" data-element_type=\"section\">\n\t\t\t\t\t\t<div class=\"elementor-container elementor-column-gap-default\">\n\t\t\t\t\t<div class=\"elementor-column elementor-col-100 elementor-top-column elementor-element elementor-element-53224118\" data-id=\"53224118\" data-element_type=\"column\">\n\t\t\t<div class=\"elementor-widget-wrap elementor-element-populated\">\n\t\t\t\t\t\t<div class=\"elementor-element elementor-element-bc00506 elementor-widget elementor-widget-heading\" data-id=\"bc00506\" data-element_type=\"widget\" data-widget_type=\"heading.default\">\n\t\t\t\t<div class=\"elementor-widget-container\">\n\t\t\t\t\t<h2 class=\"elementor-heading-title elementor-size-default\">Ann\u00e9e 2026<\/h2>\t\t\t\t<\/div>\n\t\t\t\t<\/div>\n\t\t\t\t<div class=\"elementor-element elementor-element-a3a6887 elementor-widget elementor-widget-text-editor\" data-id=\"a3a6887\" data-element_type=\"widget\" data-widget_type=\"text-editor.default\">\n\t\t\t\t<div class=\"elementor-widget-container\">\n\t\t\t\t\t\t\t\t\t<p><a href=\"http:\/\/vergersdelozere.net\/index.php\/portrait-decile-reynes-bridgens\/\" target=\"_blank\" rel=\"noopener\">C\u00e9cile Reynes-Bridgens<\/a>, Pr\u00e9sidente d&rsquo;Honneur et cofondatrice s&rsquo;est retir\u00e9e du Conseil d&rsquo;Administration lors de l&rsquo;assembl\u00e9e G\u00e9n\u00e9rale 2022.<\/p>\t\t\t\t\t\t\t\t<\/div>\n\t\t\t\t<\/div>\n\t\t\t\t<div class=\"elementor-element elementor-element-aa20955 elementor-widget elementor-widget-heading\" data-id=\"aa20955\" data-element_type=\"widget\" data-widget_type=\"heading.default\">\n\t\t\t\t<div class=\"elementor-widget-container\">\n\t\t\t\t\t<h3 class=\"elementor-heading-title elementor-size-default\">Membres du bureau<\/h3>\t\t\t\t<\/div>\n\t\t\t\t<\/div>\n\t\t\t\t<div class=\"elementor-element elementor-element-81f9002 elementor-widget elementor-widget-text-editor\" data-id=\"81f9002\" data-element_type=\"widget\" data-widget_type=\"text-editor.default\">\n\t\t\t\t<div class=\"elementor-widget-container\">\n\t\t\t\t\t\t\t\t\t<p><a href=\"http:\/\/vergersdelozere.net\/index.php\/portrait-jacky-brard\/\" target=\"_blank\" rel=\"noopener\">Jacky Brard<\/a>, Copr\u00e9sident, technicien, animateur<\/p>\n<p><a href=\"http:\/\/vergersdelozere.net\/index.php\/portrait-sabine-rauzier-pomologue\/\">Sabine Rauzier<\/a>, Copr\u00e9sidente, pomologue<\/p>\n<p>Christian Thomas-Javid, Tr\u00e9sorier<\/p>\n<p>Le poste de secr\u00e9taire est vacant.<\/p>\n<p>Patrick Maurin, administrateur (site Internet, communication).<\/p>\n<p>\u00a0<\/p>\n<p>\u00a0<\/p>\n<p>\u00a0<\/p>\t\t\t\t\t\t\t\t<\/div>\n\t\t\t\t<\/div>\n\t\t\t\t<div class=\"elementor-element elementor-element-88614f7 elementor-widget elementor-widget-heading\" data-id=\"88614f7\" data-element_type=\"widget\" data-widget_type=\"heading.default\">\n\t\t\t\t<div class=\"elementor-widget-container\">\n\t\t\t\t\t<h3 class=\"elementor-heading-title elementor-size-default\">Membres du Conseil d'Administration<\/h3>\t\t\t\t<\/div>\n\t\t\t\t<\/div>\n\t\t\t\t<div class=\"elementor-element elementor-element-3fcddfe8 elementor-widget elementor-widget-text-editor\" data-id=\"3fcddfe8\" data-element_type=\"widget\" data-widget_type=\"text-editor.default\">\n\t\t\t\t<div class=\"elementor-widget-container\">\n\t\t\t\t\t\t\t\t\t<p><\/p>\n<p><span style=\"font-family: 'EB Garamond', sans-serif; font-size: 22px; font-style: normal; font-variant-caps: normal;\">Bruno Abbas, administrateur<\/span><\/p>\n<p><span style=\"font-family: 'EB Garamond', sans-serif; font-size: 22px; font-style: normal; font-variant-caps: normal;\">L\u00e9a Barr\u00e9,<\/span><span style=\"font-family: 'EB Garamond', sans-serif; font-size: 22px; font-style: normal; font-variant-caps: normal;\">\u00a0<\/span>administratrice, p\u00e9pini\u00e9riste<\/p>\n<p>Anne Colin, administratrice<\/p>\n<p><\/p>\n<p><a href=\"http:\/\/vergersdelozere.net\/index.php\/portrait-albert-douchy-pepinieriste\/\">Albert Douchy<\/a>, administrateur, p\u00e9pini\u00e9riste<\/p>\n<p>Christian Forestier<span style=\"font-family: 'EB Garamond', sans-serif; font-size: 22px; font-style: normal; font-variant-caps: normal;\">, a<\/span>dministrateur<\/p>\n<p>S\u00e9bastien Gu\u00e9nand, administrateur<\/p>\n<p><\/p>\n<p>Yannick Mourgues, administrateur<\/p>\n<p>F\u00e9lix Quet<span style=\"font-family: 'EB Garamond', sans-serif; font-size: 22px; font-style: normal; font-variant-caps: normal;\">, administrateur, p\u00e9pini\u00e9riste<\/span><\/p>\n<p><\/p>\n<p><a href=\"http:\/\/vergersdelozere.net\/index.php\/portrait-alexandre-racaniere-pepinieriste\/\" target=\"_blank\" rel=\"noopener\">Alexandre Racani\u00e8re<\/a>, administrateur, p\u00e9pini\u00e9riste.<\/p>\n<p>\u00a0<\/p>\n<p><\/p>\n<p>\u00a0<\/p>\n<p><\/p>\t\t\t\t\t\t\t\t<\/div>\n\t\t\t\t<\/div>\n\t\t\t\t<div class=\"elementor-element elementor-element-84eb76d elementor-widget elementor-widget-image\" data-id=\"84eb76d\" data-element_type=\"widget\" data-widget_type=\"image.default\">\n\t\t\t\t<div class=\"elementor-widget-container\">\n\t\t\t\t\t\t\t\t\t\t\t\t<figure class=\"wp-caption\">\n\t\t\t\t\t\t\t\t\t\t<img fetchpriority=\"high\" decoding=\"async\" width=\"1024\" height=\"681\" src=\"https:\/\/vergersdelozere.net\/wp-content\/uploads\/2020\/12\/Chataigniers\u00a9Bouissou_Arnaud_Terra-_ministere_de_-lEnvironnement_1100x732-72-1024x681.jpg\" class=\"attachment-large size-large wp-image-2351\" alt=\"\" srcset=\"https:\/\/vergersdelozere.net\/wp-content\/uploads\/2020\/12\/Chataigniers\u00a9Bouissou_Arnaud_Terra-_ministere_de_-lEnvironnement_1100x732-72-1024x681.jpg 1024w, https:\/\/vergersdelozere.net\/wp-content\/uploads\/2020\/12\/Chataigniers\u00a9Bouissou_Arnaud_Terra-_ministere_de_-lEnvironnement_1100x732-72-300x200.jpg 300w, https:\/\/vergersdelozere.net\/wp-content\/uploads\/2020\/12\/Chataigniers\u00a9Bouissou_Arnaud_Terra-_ministere_de_-lEnvironnement_1100x732-72-768x511.jpg 768w, https:\/\/vergersdelozere.net\/wp-content\/uploads\/2020\/12\/Chataigniers\u00a9Bouissou_Arnaud_Terra-_ministere_de_-lEnvironnement_1100x732-72.jpg 1100w\" sizes=\"(max-width: 1024px) 100vw, 1024px\" \/>\t\t\t\t\t\t\t\t\t\t\t<figcaption class=\"widget-image-caption wp-caption-text\">Ch\u00e2taigniers\u00a9Bouissou_Arnaud_Terra<\/figcaption>\n\t\t\t\t\t\t\t\t\t\t<\/figure>\n\t\t\t\t\t\t\t\t\t<\/div>\n\t\t\t\t<\/div>\n\t\t\t\t\t<\/div>\n\t\t<\/div>\n\t\t\t\t\t<\/div>\n\t\t<\/section>\n\t\t\t\t<section class=\"elementor-section elementor-top-section elementor-element elementor-element-e135904 elementor-section-boxed elementor-section-height-default elementor-section-height-default\" data-id=\"e135904\" data-element_type=\"section\">\n\t\t\t\t\t\t<div class=\"elementor-container elementor-column-gap-default\">\n\t\t\t\t\t<div class=\"elementor-column elementor-col-100 elementor-top-column elementor-element elementor-element-0dcf356\" data-id=\"0dcf356\" data-element_type=\"column\">\n\t\t\t<div class=\"elementor-widget-wrap\">\n\t\t\t\t\t\t\t<\/div>\n\t\t<\/div>\n\t\t\t\t\t<\/div>\n\t\t<\/section>\n\t\t\t\t<\/div>\n\t\t","protected":false},"excerpt":{"rendered":"<p>Ann\u00e9e 2026 C\u00e9cile Reynes-Bridgens, Pr\u00e9sidente d&rsquo;Honneur et cofondatrice s&rsquo;est retir\u00e9e du Conseil d&rsquo;Administration lors de l&rsquo;assembl\u00e9e G\u00e9n\u00e9rale 2022. Membres du bureau Jacky Brard, Copr\u00e9sident, technicien, animateur Sabine Rauzier, Copr\u00e9sidente, pomologue Christian Thomas-Javid, Tr\u00e9sorier Le poste de secr\u00e9taire est vacant. Patrick Maurin, administrateur (site Internet, communication). \u00a0 \u00a0 \u00a0 Membres du Conseil d&rsquo;Administration Bruno Abbas, administrateur [&hellip;]<\/p>\n","protected":false},"author":1,"featured_media":0,"parent":0,"menu_order":0,"comment_status":"closed","ping_status":"closed","template":"","meta":{"_acf_changed":false,"ocean_post_layout":"","ocean_both_sidebars_style":"","ocean_both_sidebars_content_width":0,"ocean_both_sidebars_sidebars_width":0,"ocean_sidebar":"0","ocean_second_sidebar":"0","ocean_disable_margins":"enable","ocean_add_body_class":"","ocean_shortcode_before_top_bar":"","ocean_shortcode_after_top_bar":"","ocean_shortcode_before_header":"","ocean_shortcode_after_header":"","ocean_has_shortcode":"","ocean_shortcode_after_title":"","ocean_shortcode_before_footer_widgets":"","ocean_shortcode_after_footer_widgets":"","ocean_shortcode_before_footer_bottom":"","ocean_shortcode_after_footer_bottom":"","ocean_display_top_bar":"default","ocean_display_header":"default","ocean_header_style":"","ocean_center_header_left_menu":"0","ocean_custom_header_template":"0","ocean_custom_logo":0,"ocean_custom_retina_logo":0,"ocean_custom_logo_max_width":0,"ocean_custom_logo_tablet_max_width":0,"ocean_custom_logo_mobile_max_width":0,"ocean_custom_logo_max_height":0,"ocean_custom_logo_tablet_max_height":0,"ocean_custom_logo_mobile_max_height":0,"ocean_header_custom_menu":"0","ocean_menu_typo_font_family":"0","ocean_menu_typo_font_subset":"","ocean_menu_typo_font_size":0,"ocean_menu_typo_font_size_tablet":0,"ocean_menu_typo_font_size_mobile":0,"ocean_menu_typo_font_size_unit":"px","ocean_menu_typo_font_weight":"","ocean_menu_typo_font_weight_tablet":"","ocean_menu_typo_font_weight_mobile":"","ocean_menu_typo_transform":"","ocean_menu_typo_transform_tablet":"","ocean_menu_typo_transform_mobile":"","ocean_menu_typo_line_height":0,"ocean_menu_typo_line_height_tablet":0,"ocean_menu_typo_line_height_mobile":0,"ocean_menu_typo_line_height_unit":"","ocean_menu_typo_spacing":0,"ocean_menu_typo_spacing_tablet":0,"ocean_menu_typo_spacing_mobile":0,"ocean_menu_typo_spacing_unit":"","ocean_menu_link_color":"","ocean_menu_link_color_hover":"","ocean_menu_link_color_active":"","ocean_menu_link_background":"","ocean_menu_link_hover_background":"","ocean_menu_link_active_background":"","ocean_menu_social_links_bg":"","ocean_menu_social_hover_links_bg":"","ocean_menu_social_links_color":"","ocean_menu_social_hover_links_color":"","ocean_disable_title":"default","ocean_disable_heading":"default","ocean_post_title":"","ocean_post_subheading":"","ocean_post_title_style":"","ocean_post_title_background_color":"","ocean_post_title_background":0,"ocean_post_title_bg_image_position":"","ocean_post_title_bg_image_attachment":"","ocean_post_title_bg_image_repeat":"","ocean_post_title_bg_image_size":"","ocean_post_title_height":0,"ocean_post_title_bg_overlay":0.5,"ocean_post_title_bg_overlay_color":"","ocean_disable_breadcrumbs":"default","ocean_breadcrumbs_color":"","ocean_breadcrumbs_separator_color":"","ocean_breadcrumbs_links_color":"","ocean_breadcrumbs_links_hover_color":"","ocean_display_footer_widgets":"default","ocean_display_footer_bottom":"default","ocean_custom_footer_template":"0","footnotes":""},"class_list":["post-145","page","type-page","status-publish","hentry","entry"],"acf":[],"_links":{"self":[{"href":"https:\/\/vergersdelozere.net\/index.php\/wp-json\/wp\/v2\/pages\/145"}],"collection":[{"href":"https:\/\/vergersdelozere.net\/index.php\/wp-json\/wp\/v2\/pages"}],"about":[{"href":"https:\/\/vergersdelozere.net\/index.php\/wp-json\/wp\/v2\/types\/page"}],"author":[{"embeddable":true,"href":"https:\/\/vergersdelozere.net\/index.php\/wp-json\/wp\/v2\/users\/1"}],"replies":[{"embeddable":true,"href":"https:\/\/vergersdelozere.net\/index.php\/wp-json\/wp\/v2\/comments?post=145"}],"version-history":[{"count":84,"href":"https:\/\/vergersdelozere.net\/index.php\/wp-json\/wp\/v2\/pages\/145\/revisions"}],"predecessor-version":[{"id":8436,"href":"https:\/\/vergersdelozere.net\/index.php\/wp-json\/wp\/v2\/pages\/145\/revisions\/8436"}],"wp:attachment":[{"href":"https:\/\/vergersdelozere.net\/index.php\/wp-json\/wp\/v2\/media?parent=145"}],"curies":[{"name":"wp","href":"https:\/\/api.w.org\/{rel}","templated":true}]}}